{"id":6630,"date":"2019-11-22T10:30:53","date_gmt":"2019-11-22T08:30:53","guid":{"rendered":"http:\/\/lifealnus.eu\/?page_id=6630"},"modified":"2020-10-02T16:51:07","modified_gmt":"2020-10-02T14:51:07","slug":"aca-smarty-planet","status":"publish","type":"page","link":"https:\/\/lifealnus.eu\/es\/aca-smarty-planet\/","title":{"rendered":"ACA -Smarty Planet"},"content":{"rendered":"[vc_row][vc_column][vc_column_text]\n<p>Estos widgets nos permiten tener informaci\u00f3n visual a tiempo real de los datos de los sensores de caudal que ACA tiene colocados en distintos puntos dentro de la zona de actuaci\u00f3n del LIFE ALNUS.<\/p>\n<p>Los dibujos representan las secciones de los r\u00edos donde est\u00e1n colocados estos sensores. Son din\u00e1micos, cosa que nos permite ver pr\u00e1cticamente en directo la evoluci\u00f3n de los caudales, el nivel del agua y la tendencia de las \u00faltimas 24horas, en cinco puntos dentro del proyecto. Esto nos aporta muchos datos que nos ayudan a ver las variaciones, crecidas y crecidas excepcionales que los espacios fluviales estudiados padecen.[\/vc_column_text][\/vc_column][\/vc_row][vc_row][vc_column width=\u00bb1\/3&#8243;][vc_raw_html]JTNDaWZyYW1lJTIwc3JjJTNEJTIyaHR0cHMlM0ElMkYlMkZhY2Euc21hcnR5cGxhbmV0LmNvbSUyRmVzJTJGcHVibGljJTJGc2hvdyUyRjE0MjUlMjIlMjBmcmFtZWJvcmRlciUzRCUyMjAlMjIlMjBzY3JvbGxpbmclM0QlMjJubyUyMiUyMGFsbG93VHJhbnNwYXJlbmN5JTNEJTIydHJ1ZSUyMiUyMHN0eWxlJTNEJTIyb3ZlcmZsb3clM0ElMjBoaWRkZW4lM0J3aWR0aCUzQTI0NXB4JTNCaGVpZ2h0JTNBMzAwcHglMjIlM0UlM0MlMkZpZnJhbWUlM0U=[\/vc_raw_html][vc_raw_html]JTNDaWZyYW1lJTIwc3JjJTNEJTIyaHR0cHMlM0ElMkYlMkZhY2Euc21hcnR5cGxhbmV0LmNvbSUyRmVzJTJGcHVibGljJTJGc2hvdyUyRjE0MjglMjIlMjBmcmFtZWJvcmRlciUzRCUyMjAlMjIlMjBzY3JvbGxpbmclM0QlMjJubyUyMiUyMGFsbG93VHJhbnNwYXJlbmN5JTNEJTIydHJ1ZSUyMiUyMHN0eWxlJTNEJTIyb3ZlcmZsb3clM0ElMjBoaWRkZW4lM0J3aWR0aCUzQTI0NXB4JTNCaGVpZ2h0JTNBMzAwcHglMjIlM0UlM0MlMkZpZnJhbWUlM0U=[\/vc_raw_html][\/vc_column][vc_column width=\u00bb1\/3&#8243;][vc_raw_html]JTNDaWZyYW1lJTIwc3JjJTNEJTIyaHR0cHMlM0ElMkYlMkZhY2Euc21hcnR5cGxhbmV0LmNvbSUyRmVzJTJGcHVibGljJTJGc2hvdyUyRjE0MjYlMjIlMjBmcmFtZWJvcmRlciUzRCUyMjAlMjIlMjBzY3JvbGxpbmclM0QlMjJubyUyMiUyMGFsbG93VHJhbnNwYXJlbmN5JTNEJTIydHJ1ZSUyMiUyMHN0eWxlJTNEJTIyb3ZlcmZsb3clM0ElMjBoaWRkZW4lM0J3aWR0aCUzQTI0NXB4JTNCaGVpZ2h0JTNBMzAwcHglMjIlM0UlM0MlMkZpZnJhbWUlM0U=[\/vc_raw_html][vc_raw_html]JTNDaWZyYW1lJTIwc3JjJTNEJTIyaHR0cHMlM0ElMkYlMkZhY2Euc21hcnR5cGxhbmV0LmNvbSUyRmVzJTJGcHVibGljJTJGc2hvdyUyRjE0MjklMjIlMjBmcmFtZWJvcmRlciUzRCUyMjAlMjIlMjBzY3JvbGxpbmclM0QlMjJubyUyMiUyMGFsbG93VHJhbnNwYXJlbmN5JTNEJTIydHJ1ZSUyMiUyMHN0eWxlJTNEJTIyb3ZlcmZsb3clM0ElMjBoaWRkZW4lM0J3aWR0aCUzQTI0NXB4JTNCaGVpZ2h0JTNBMzAwcHglMjIlM0UlM0MlMkZpZnJhbWUlM0U=[\/vc_raw_html][\/vc_column][vc_column width=\u00bb1\/3&#8243;][vc_raw_html]JTNDaWZyYW1lJTIwc3JjJTNEJTIyaHR0cHMlM0ElMkYlMkZhY2Euc21hcnR5cGxhbmV0LmNvbSUyRmVzJTJGcHVibGljJTJGc2hvdyUyRjE0MjclMjIlMjBmcmFtZWJvcmRlciUzRCUyMjAlMjIlMjBzY3JvbGxpbmclM0QlMjJubyUyMiUyMGFsbG93VHJhbnNwYXJlbmN5JTNEJTIydHJ1ZSUyMiUyMHN0eWxlJTNEJTIyb3ZlcmZsb3clM0ElMjBoaWRkZW4lM0J3aWR0aCUzQTI0NXB4JTNCaGVpZ2h0JTNBMzAwcHglMjIlM0UlM0MlMkZpZnJhbWUlM0U=[\/vc_raw_html][\/vc_column][\/vc_row]\n","protected":false},"excerpt":{"rendered":"<p>[vc_row][vc_column][vc_column_text] Estos widgets nos permiten tener informaci\u00f3n visual a tiempo real de los datos de los sensores de caudal que ACA tiene colocados en distintos puntos dentro de la zona de actuaci\u00f3n del LIFE ALNUS. Los dibujos representan las secciones de los r\u00edos donde est\u00e1n colocados estos sensores. Son din\u00e1micos, cosa que nos permite ver [&hellip;]<\/p>\n","protected":false},"author":2,"featured_media":0,"parent":0,"menu_order":0,"comment_status":"closed","ping_status":"closed","template":"","meta":{"_acf_changed":false,"footnotes":"","_links_to":"","_links_to_target":""},"class_list":["post-6630","page","type-page","status-publish","hentry"],"acf":[],"yoast_head":"<!-- This site is optimized with the Yoast SEO plugin v27.2 - https:\/\/yoast.com\/product\/yoast-seo-wordpress\/ -->\n<title>ACA -Smarty Planet - LIFE Alnus<\/title>\n<meta name=\"robots\" content=\"index, follow, max-snippet:-1, max-image-preview:large, max-video-preview:-1\" \/>\n<link rel=\"canonical\" href=\"https:\/\/lifealnus.eu\/es\/aca-smarty-planet\/\" \/>\n<meta property=\"og:locale\" content=\"es_ES\" \/>\n<meta property=\"og:type\" content=\"article\" \/>\n<meta property=\"og:title\" content=\"ACA -Smarty Planet - LIFE Alnus\" \/>\n<meta property=\"og:description\" content=\"[vc_row][vc_column][vc_column_text] Estos widgets nos permiten tener informaci\u00f3n visual a tiempo real de los datos de los sensores de caudal que ACA tiene colocados en distintos puntos dentro de la zona de actuaci\u00f3n del LIFE ALNUS. Los dibujos representan las secciones de los r\u00edos donde est\u00e1n colocados estos sensores. Son din\u00e1micos, cosa que nos permite ver [&hellip;]\" \/>\n<meta property=\"og:url\" content=\"https:\/\/lifealnus.eu\/es\/aca-smarty-planet\/\" \/>\n<meta property=\"og:site_name\" content=\"LIFE Alnus\" \/>\n<meta property=\"article:modified_time\" content=\"2020-10-02T14:51:07+00:00\" \/>\n<meta name=\"twitter:card\" content=\"summary_large_image\" \/>\n<meta name=\"twitter:label1\" content=\"Tiempo de lectura\" \/>\n\t<meta name=\"twitter:data1\" content=\"2 minutos\" \/>\n<script type=\"application\/ld+json\" class=\"yoast-schema-graph\">{\"@context\":\"https:\/\/schema.org\",\"@graph\":[{\"@type\":\"WebPage\",\"@id\":\"https:\/\/lifealnus.eu\/es\/aca-smarty-planet\/\",\"url\":\"https:\/\/lifealnus.eu\/es\/aca-smarty-planet\/\",\"name\":\"ACA -Smarty Planet - LIFE Alnus\",\"isPartOf\":{\"@id\":\"https:\/\/lifealnus.eu\/#website\"},\"datePublished\":\"2019-11-22T08:30:53+00:00\",\"dateModified\":\"2020-10-02T14:51:07+00:00\",\"breadcrumb\":{\"@id\":\"https:\/\/lifealnus.eu\/es\/aca-smarty-planet\/#breadcrumb\"},\"inLanguage\":\"es\",\"potentialAction\":[{\"@type\":\"ReadAction\",\"target\":[\"https:\/\/lifealnus.eu\/es\/aca-smarty-planet\/\"]}]},{\"@type\":\"BreadcrumbList\",\"@id\":\"https:\/\/lifealnus.eu\/es\/aca-smarty-planet\/#breadcrumb\",\"itemListElement\":[{\"@type\":\"ListItem\",\"position\":1,\"name\":\"Inici\",\"item\":\"https:\/\/lifealnus.eu\/es\/\"},{\"@type\":\"ListItem\",\"position\":2,\"name\":\"ACA -Smarty Planet\"}]},{\"@type\":\"WebSite\",\"@id\":\"https:\/\/lifealnus.eu\/#website\",\"url\":\"https:\/\/lifealnus.eu\/\",\"name\":\"LIFE Alnus\",\"description\":\"\",\"potentialAction\":[{\"@type\":\"SearchAction\",\"target\":{\"@type\":\"EntryPoint\",\"urlTemplate\":\"https:\/\/lifealnus.eu\/?s={search_term_string}\"},\"query-input\":{\"@type\":\"PropertyValueSpecification\",\"valueRequired\":true,\"valueName\":\"search_term_string\"}}],\"inLanguage\":\"es\"}]}<\/script>\n<!-- \/ Yoast SEO plugin. -->","yoast_head_json":{"title":"ACA -Smarty Planet - LIFE Alnus","robots":{"index":"index","follow":"follow","max-snippet":"max-snippet:-1","max-image-preview":"max-image-preview:large","max-video-preview":"max-video-preview:-1"},"canonical":"https:\/\/lifealnus.eu\/es\/aca-smarty-planet\/","og_locale":"es_ES","og_type":"article","og_title":"ACA -Smarty Planet - LIFE Alnus","og_description":"[vc_row][vc_column][vc_column_text] Estos widgets nos permiten tener informaci\u00f3n visual a tiempo real de los datos de los sensores de caudal que ACA tiene colocados en distintos puntos dentro de la zona de actuaci\u00f3n del LIFE ALNUS. Los dibujos representan las secciones de los r\u00edos donde est\u00e1n colocados estos sensores. Son din\u00e1micos, cosa que nos permite ver [&hellip;]","og_url":"https:\/\/lifealnus.eu\/es\/aca-smarty-planet\/","og_site_name":"LIFE Alnus","article_modified_time":"2020-10-02T14:51:07+00:00","twitter_card":"summary_large_image","twitter_misc":{"Tiempo de lectura":"2 minutos"},"schema":{"@context":"https:\/\/schema.org","@graph":[{"@type":"WebPage","@id":"https:\/\/lifealnus.eu\/es\/aca-smarty-planet\/","url":"https:\/\/lifealnus.eu\/es\/aca-smarty-planet\/","name":"ACA -Smarty Planet - LIFE Alnus","isPartOf":{"@id":"https:\/\/lifealnus.eu\/#website"},"datePublished":"2019-11-22T08:30:53+00:00","dateModified":"2020-10-02T14:51:07+00:00","breadcrumb":{"@id":"https:\/\/lifealnus.eu\/es\/aca-smarty-planet\/#breadcrumb"},"inLanguage":"es","potentialAction":[{"@type":"ReadAction","target":["https:\/\/lifealnus.eu\/es\/aca-smarty-planet\/"]}]},{"@type":"BreadcrumbList","@id":"https:\/\/lifealnus.eu\/es\/aca-smarty-planet\/#breadcrumb","itemListElement":[{"@type":"ListItem","position":1,"name":"Inici","item":"https:\/\/lifealnus.eu\/es\/"},{"@type":"ListItem","position":2,"name":"ACA -Smarty Planet"}]},{"@type":"WebSite","@id":"https:\/\/lifealnus.eu\/#website","url":"https:\/\/lifealnus.eu\/","name":"LIFE Alnus","description":"","potentialAction":[{"@type":"SearchAction","target":{"@type":"EntryPoint","urlTemplate":"https:\/\/lifealnus.eu\/?s={search_term_string}"},"query-input":{"@type":"PropertyValueSpecification","valueRequired":true,"valueName":"search_term_string"}}],"inLanguage":"es"}]}},"_links":{"self":[{"href":"https:\/\/lifealnus.eu\/es\/wp-json\/wp\/v2\/pages\/6630","targetHints":{"allow":["GET"]}}],"collection":[{"href":"https:\/\/lifealnus.eu\/es\/wp-json\/wp\/v2\/pages"}],"about":[{"href":"https:\/\/lifealnus.eu\/es\/wp-json\/wp\/v2\/types\/page"}],"author":[{"embeddable":true,"href":"https:\/\/lifealnus.eu\/es\/wp-json\/wp\/v2\/users\/2"}],"replies":[{"embeddable":true,"href":"https:\/\/lifealnus.eu\/es\/wp-json\/wp\/v2\/comments?post=6630"}],"version-history":[{"count":5,"href":"https:\/\/lifealnus.eu\/es\/wp-json\/wp\/v2\/pages\/6630\/revisions"}],"predecessor-version":[{"id":7047,"href":"https:\/\/lifealnus.eu\/es\/wp-json\/wp\/v2\/pages\/6630\/revisions\/7047"}],"wp:attachment":[{"href":"https:\/\/lifealnus.eu\/es\/wp-json\/wp\/v2\/media?parent=6630"}],"curies":[{"name":"wp","href":"https:\/\/api.w.org\/{rel}","templated":true}]}}