{"id":5514,"date":"2019-05-13T13:34:45","date_gmt":"2019-05-13T11:34:45","guid":{"rendered":"http:\/\/lifealnus.eu\/?page_id=5514"},"modified":"2021-01-19T10:48:22","modified_gmt":"2021-01-19T08:48:22","slug":"radio-y-tv","status":"publish","type":"page","link":"https:\/\/lifealnus.eu\/es\/radio-y-tv\/","title":{"rendered":"Radio y TV"},"content":{"rendered":"<p>29\/12\/2020<\/p>\n<h4><a href=\"http:\/\/votv.alacarta.cat\/valles-oriental\/noticia\/troben-xia-per-primer-cop-en-rius-del-valles-oriental\" class=\"btn custom-button-color\" target=\"_blank\">InfoVall\u00e8s<\/a>Encuentran ch\u00eda por primera vez en r\u00edos del Vall\u00e8s Oriental<\/h4>\n<p>&nbsp;<\/p>\n<p>26\/11\/2019<\/p>\n<h4><a href=\"http:\/\/www.pirineustv.cat\/2019\/11\/26\/recuperar-el-bosc-de-ribera-de-bellver\/\" class=\"btn custom-button-color\" target=\"_blank\">Pirineustv.cat<\/a>Recuperar el bosque de ribera de Bellver<\/h4>\n<p>&nbsp;<\/p>\n<p>08\/11\/2019<\/p>\n<h4><a href=\"https:\/\/www.ccma.cat\/tv3\/alacarta\/telenoticies-comarques\/els-boscos-de-ribera-amenacats-i-imprescindibles-per-evitar-els-efectes-dels-aiguats\/video\/5955215\/#.XclGxwOV3sJ.twitter\" class=\"btn custom-button-color\" target=\"_blank\">TV3<\/a>Los bosques de ribera, amenazados e imprescindibles para evitar los efectos de los aguaceros<\/h4>\n<p>&nbsp;<\/p>\n<p>26\/05\/2019<\/p>\n<h4><a href=\"http:\/\/lifealnus.eu\/wp-content\/uploads\/2019\/07\/vernedes-Cat-radio-13-8-17.mp3\" class=\"btn custom-button-color\" target=\"_blank\">CatRadio<\/a>Se pone en marcha el proyecto de recuperaci\u00f3n de las alisedas de Catalu\u00f1a<\/h4>\n<p>&nbsp;<\/p>\n<p>05\/06\/2018<\/p>\n<h4><a href=\"https:\/\/youtu.be\/6l3kBKvzm-Y?list=PLh4PodO3XhlrOP0y3gzezAdxYaUpN_PAY&amp;t=330\" class=\"btn custom-button-color\" target=\"_blank\">8aldiaTV<\/a>Entrevista a Marc Ordeig (min 5) y a Jordi Camprodon (min 16)<\/h4>\n","protected":false},"excerpt":{"rendered":"<p>29\/12\/2020 Encuentran ch\u00eda por primera vez en r\u00edos del Vall\u00e8s Oriental &nbsp; 26\/11\/2019 Recuperar el bosque de ribera de Bellver &nbsp; 08\/11\/2019 Los bosques de ribera, amenazados e imprescindibles para evitar los efectos de los aguaceros &nbsp; 26\/05\/2019 Se pone en marcha el proyecto de recuperaci\u00f3n de las alisedas de Catalu\u00f1a &nbsp; 05\/06\/2018 Entrevista a [&hellip;]<\/p>\n","protected":false},"author":2,"featured_media":0,"parent":0,"menu_order":0,"comment_status":"closed","ping_status":"closed","template":"","meta":{"_acf_changed":false,"footnotes":"","_links_to":"","_links_to_target":""},"class_list":["post-5514","page","type-page","status-publish","hentry"],"acf":[],"yoast_head":"<!-- This site is optimized with the Yoast SEO plugin v27.2 - https:\/\/yoast.com\/product\/yoast-seo-wordpress\/ -->\n<title>Radio y TV - LIFE Alnus<\/title>\n<meta name=\"robots\" content=\"index, follow, max-snippet:-1, max-image-preview:large, max-video-preview:-1\" \/>\n<link rel=\"canonical\" href=\"https:\/\/lifealnus.eu\/es\/radio-y-tv\/\" \/>\n<meta property=\"og:locale\" content=\"es_ES\" \/>\n<meta property=\"og:type\" content=\"article\" \/>\n<meta property=\"og:title\" content=\"Radio y TV - LIFE Alnus\" \/>\n<meta property=\"og:description\" content=\"29\/12\/2020 Encuentran ch\u00eda por primera vez en r\u00edos del Vall\u00e8s Oriental &nbsp; 26\/11\/2019 Recuperar el bosque de ribera de Bellver &nbsp; 08\/11\/2019 Los bosques de ribera, amenazados e imprescindibles para evitar los efectos de los aguaceros &nbsp; 26\/05\/2019 Se pone en marcha el proyecto de recuperaci\u00f3n de las alisedas de Catalu\u00f1a &nbsp; 05\/06\/2018 Entrevista a [&hellip;]\" \/>\n<meta property=\"og:url\" content=\"https:\/\/lifealnus.eu\/es\/radio-y-tv\/\" \/>\n<meta property=\"og:site_name\" content=\"LIFE Alnus\" \/>\n<meta property=\"article:modified_time\" content=\"2021-01-19T08:48:22+00:00\" \/>\n<meta name=\"twitter:card\" content=\"summary_large_image\" \/>\n<meta name=\"twitter:label1\" content=\"Tiempo de lectura\" \/>\n\t<meta name=\"twitter:data1\" content=\"1 minuto\" \/>\n<script type=\"application\/ld+json\" class=\"yoast-schema-graph\">{\"@context\":\"https:\/\/schema.org\",\"@graph\":[{\"@type\":\"WebPage\",\"@id\":\"https:\/\/lifealnus.eu\/es\/radio-y-tv\/\",\"url\":\"https:\/\/lifealnus.eu\/es\/radio-y-tv\/\",\"name\":\"Radio y TV - LIFE Alnus\",\"isPartOf\":{\"@id\":\"https:\/\/lifealnus.eu\/#website\"},\"datePublished\":\"2019-05-13T11:34:45+00:00\",\"dateModified\":\"2021-01-19T08:48:22+00:00\",\"breadcrumb\":{\"@id\":\"https:\/\/lifealnus.eu\/es\/radio-y-tv\/#breadcrumb\"},\"inLanguage\":\"es\",\"potentialAction\":[{\"@type\":\"ReadAction\",\"target\":[\"https:\/\/lifealnus.eu\/es\/radio-y-tv\/\"]}]},{\"@type\":\"BreadcrumbList\",\"@id\":\"https:\/\/lifealnus.eu\/es\/radio-y-tv\/#breadcrumb\",\"itemListElement\":[{\"@type\":\"ListItem\",\"position\":1,\"name\":\"Inici\",\"item\":\"https:\/\/lifealnus.eu\/es\/\"},{\"@type\":\"ListItem\",\"position\":2,\"name\":\"Radio y TV\"}]},{\"@type\":\"WebSite\",\"@id\":\"https:\/\/lifealnus.eu\/#website\",\"url\":\"https:\/\/lifealnus.eu\/\",\"name\":\"LIFE Alnus\",\"description\":\"\",\"potentialAction\":[{\"@type\":\"SearchAction\",\"target\":{\"@type\":\"EntryPoint\",\"urlTemplate\":\"https:\/\/lifealnus.eu\/?s={search_term_string}\"},\"query-input\":{\"@type\":\"PropertyValueSpecification\",\"valueRequired\":true,\"valueName\":\"search_term_string\"}}],\"inLanguage\":\"es\"}]}<\/script>\n<!-- \/ Yoast SEO plugin. -->","yoast_head_json":{"title":"Radio y TV - LIFE Alnus","robots":{"index":"index","follow":"follow","max-snippet":"max-snippet:-1","max-image-preview":"max-image-preview:large","max-video-preview":"max-video-preview:-1"},"canonical":"https:\/\/lifealnus.eu\/es\/radio-y-tv\/","og_locale":"es_ES","og_type":"article","og_title":"Radio y TV - LIFE Alnus","og_description":"29\/12\/2020 Encuentran ch\u00eda por primera vez en r\u00edos del Vall\u00e8s Oriental &nbsp; 26\/11\/2019 Recuperar el bosque de ribera de Bellver &nbsp; 08\/11\/2019 Los bosques de ribera, amenazados e imprescindibles para evitar los efectos de los aguaceros &nbsp; 26\/05\/2019 Se pone en marcha el proyecto de recuperaci\u00f3n de las alisedas de Catalu\u00f1a &nbsp; 05\/06\/2018 Entrevista a [&hellip;]","og_url":"https:\/\/lifealnus.eu\/es\/radio-y-tv\/","og_site_name":"LIFE Alnus","article_modified_time":"2021-01-19T08:48:22+00:00","twitter_card":"summary_large_image","twitter_misc":{"Tiempo de lectura":"1 minuto"},"schema":{"@context":"https:\/\/schema.org","@graph":[{"@type":"WebPage","@id":"https:\/\/lifealnus.eu\/es\/radio-y-tv\/","url":"https:\/\/lifealnus.eu\/es\/radio-y-tv\/","name":"Radio y TV - LIFE Alnus","isPartOf":{"@id":"https:\/\/lifealnus.eu\/#website"},"datePublished":"2019-05-13T11:34:45+00:00","dateModified":"2021-01-19T08:48:22+00:00","breadcrumb":{"@id":"https:\/\/lifealnus.eu\/es\/radio-y-tv\/#breadcrumb"},"inLanguage":"es","potentialAction":[{"@type":"ReadAction","target":["https:\/\/lifealnus.eu\/es\/radio-y-tv\/"]}]},{"@type":"BreadcrumbList","@id":"https:\/\/lifealnus.eu\/es\/radio-y-tv\/#breadcrumb","itemListElement":[{"@type":"ListItem","position":1,"name":"Inici","item":"https:\/\/lifealnus.eu\/es\/"},{"@type":"ListItem","position":2,"name":"Radio y TV"}]},{"@type":"WebSite","@id":"https:\/\/lifealnus.eu\/#website","url":"https:\/\/lifealnus.eu\/","name":"LIFE Alnus","description":"","potentialAction":[{"@type":"SearchAction","target":{"@type":"EntryPoint","urlTemplate":"https:\/\/lifealnus.eu\/?s={search_term_string}"},"query-input":{"@type":"PropertyValueSpecification","valueRequired":true,"valueName":"search_term_string"}}],"inLanguage":"es"}]}},"_links":{"self":[{"href":"https:\/\/lifealnus.eu\/es\/wp-json\/wp\/v2\/pages\/5514","targetHints":{"allow":["GET"]}}],"collection":[{"href":"https:\/\/lifealnus.eu\/es\/wp-json\/wp\/v2\/pages"}],"about":[{"href":"https:\/\/lifealnus.eu\/es\/wp-json\/wp\/v2\/types\/page"}],"author":[{"embeddable":true,"href":"https:\/\/lifealnus.eu\/es\/wp-json\/wp\/v2\/users\/2"}],"replies":[{"embeddable":true,"href":"https:\/\/lifealnus.eu\/es\/wp-json\/wp\/v2\/comments?post=5514"}],"version-history":[{"count":5,"href":"https:\/\/lifealnus.eu\/es\/wp-json\/wp\/v2\/pages\/5514\/revisions"}],"predecessor-version":[{"id":7329,"href":"https:\/\/lifealnus.eu\/es\/wp-json\/wp\/v2\/pages\/5514\/revisions\/7329"}],"wp:attachment":[{"href":"https:\/\/lifealnus.eu\/es\/wp-json\/wp\/v2\/media?parent=5514"}],"curies":[{"name":"wp","href":"https:\/\/api.w.org\/{rel}","templated":true}]}}