{"id":5504,"date":"2019-05-13T13:32:33","date_gmt":"2019-05-13T11:32:33","guid":{"rendered":"http:\/\/lifealnus.eu\/?page_id=5504"},"modified":"2019-07-29T13:10:58","modified_gmt":"2019-07-29T11:10:58","slug":"prensa-escrita","status":"publish","type":"page","link":"https:\/\/lifealnus.eu\/es\/prensa-escrita\/","title":{"rendered":"Prensa escrita"},"content":{"rendered":"<p>26\/07\/2019<\/p>\n<h4><a href=\"http:\/\/lifealnus.eu\/wp-content\/uploads\/2019\/07\/el9Nou_portada_pag1_pag2.pdf\" class=\"btn custom-button-color\" target=\"_blank\">El9NOU<\/a>Una gesti\u00f3n m\u00e1s pr\u00f3xima del r\u00edo<\/h4>\n<p>&nbsp;<\/p>\n<p>10\/06\/2018<\/p>\n<h4><a href=\"http:\/\/lifealnus.eu\/wp-content\/uploads\/2019\/07\/regi\u00f3-7-10-6-1.pdf\" class=\"btn custom-button-color\" target=\"_blank\">regi\u00f37<\/a>Entrevista Jordi Camprodon<\/h4>\n<p>&nbsp;<\/p>\n<p>06\/06\/2018<\/p>\n<h4><a href=\"http:\/\/lifealnus.eu\/wp-content\/uploads\/2019\/07\/regio7-6-6.pdf\" class=\"btn custom-button-color\" target=\"_blank\">regi\u00f37<\/a>Un proyecto europeo proteger\u00e1 y restaurar\u00e1 los bosques de alisos del Segre en la Cerdanya<\/h4>\n<p>&nbsp;<\/p>\n<p>01\/08\/2017<\/p>\n<h4><a href=\"http:\/\/lifealnus.eu\/wp-content\/uploads\/2019\/07\/regi\u00f3-7-1-8.pdf\" class=\"btn custom-button-color\" target=\"_blank\">regi\u00f37<\/a>El CTFC presenta un proyecto para invertir la evoluci\u00f3n de las alisedas mediterr\u00e1neas<\/h4>\n","protected":false},"excerpt":{"rendered":"<p>26\/07\/2019 Una gesti\u00f3n m\u00e1s pr\u00f3xima del r\u00edo &nbsp; 10\/06\/2018 Entrevista Jordi Camprodon &nbsp; 06\/06\/2018 Un proyecto europeo proteger\u00e1 y restaurar\u00e1 los bosques de alisos del Segre en la Cerdanya &nbsp; 01\/08\/2017 El CTFC presenta un proyecto para invertir la evoluci\u00f3n de las alisedas mediterr\u00e1neas<\/p>\n","protected":false},"author":2,"featured_media":0,"parent":0,"menu_order":0,"comment_status":"closed","ping_status":"closed","template":"","meta":{"_acf_changed":false,"footnotes":"","_links_to":"","_links_to_target":""},"class_list":["post-5504","page","type-page","status-publish","hentry"],"acf":[],"yoast_head":"<!-- This site is optimized with the Yoast SEO plugin v27.4 - https:\/\/yoast.com\/product\/yoast-seo-wordpress\/ -->\n<title>Prensa escrita - LIFE Alnus<\/title>\n<meta name=\"robots\" content=\"index, follow, max-snippet:-1, max-image-preview:large, max-video-preview:-1\" \/>\n<link rel=\"canonical\" href=\"https:\/\/lifealnus.eu\/es\/prensa-escrita\/\" \/>\n<meta property=\"og:locale\" content=\"es_ES\" \/>\n<meta property=\"og:type\" content=\"article\" \/>\n<meta property=\"og:title\" content=\"Prensa escrita - LIFE Alnus\" \/>\n<meta property=\"og:description\" content=\"26\/07\/2019 Una gesti\u00f3n m\u00e1s pr\u00f3xima del r\u00edo &nbsp; 10\/06\/2018 Entrevista Jordi Camprodon &nbsp; 06\/06\/2018 Un proyecto europeo proteger\u00e1 y restaurar\u00e1 los bosques de alisos del Segre en la Cerdanya &nbsp; 01\/08\/2017 El CTFC presenta un proyecto para invertir la evoluci\u00f3n de las alisedas mediterr\u00e1neas\" \/>\n<meta property=\"og:url\" content=\"https:\/\/lifealnus.eu\/es\/prensa-escrita\/\" \/>\n<meta property=\"og:site_name\" content=\"LIFE Alnus\" \/>\n<meta property=\"article:modified_time\" content=\"2019-07-29T11:10:58+00:00\" \/>\n<meta name=\"twitter:card\" content=\"summary_large_image\" \/>\n<meta name=\"twitter:label1\" content=\"Tiempo de lectura\" \/>\n\t<meta name=\"twitter:data1\" content=\"1 minuto\" \/>\n<script type=\"application\/ld+json\" class=\"yoast-schema-graph\">{\"@context\":\"https:\\\/\\\/schema.org\",\"@graph\":[{\"@type\":\"WebPage\",\"@id\":\"https:\\\/\\\/lifealnus.eu\\\/es\\\/prensa-escrita\\\/\",\"url\":\"https:\\\/\\\/lifealnus.eu\\\/es\\\/prensa-escrita\\\/\",\"name\":\"Prensa escrita - LIFE Alnus\",\"isPartOf\":{\"@id\":\"https:\\\/\\\/lifealnus.eu\\\/#website\"},\"datePublished\":\"2019-05-13T11:32:33+00:00\",\"dateModified\":\"2019-07-29T11:10:58+00:00\",\"breadcrumb\":{\"@id\":\"https:\\\/\\\/lifealnus.eu\\\/es\\\/prensa-escrita\\\/#breadcrumb\"},\"inLanguage\":\"es\",\"potentialAction\":[{\"@type\":\"ReadAction\",\"target\":[\"https:\\\/\\\/lifealnus.eu\\\/es\\\/prensa-escrita\\\/\"]}]},{\"@type\":\"BreadcrumbList\",\"@id\":\"https:\\\/\\\/lifealnus.eu\\\/es\\\/prensa-escrita\\\/#breadcrumb\",\"itemListElement\":[{\"@type\":\"ListItem\",\"position\":1,\"name\":\"Inici\",\"item\":\"https:\\\/\\\/lifealnus.eu\\\/es\\\/\"},{\"@type\":\"ListItem\",\"position\":2,\"name\":\"Prensa escrita\"}]},{\"@type\":\"WebSite\",\"@id\":\"https:\\\/\\\/lifealnus.eu\\\/#website\",\"url\":\"https:\\\/\\\/lifealnus.eu\\\/\",\"name\":\"LIFE Alnus\",\"description\":\"\",\"potentialAction\":[{\"@type\":\"SearchAction\",\"target\":{\"@type\":\"EntryPoint\",\"urlTemplate\":\"https:\\\/\\\/lifealnus.eu\\\/?s={search_term_string}\"},\"query-input\":{\"@type\":\"PropertyValueSpecification\",\"valueRequired\":true,\"valueName\":\"search_term_string\"}}],\"inLanguage\":\"es\"}]}<\/script>\n<!-- \/ Yoast SEO plugin. -->","yoast_head_json":{"title":"Prensa escrita - LIFE Alnus","robots":{"index":"index","follow":"follow","max-snippet":"max-snippet:-1","max-image-preview":"max-image-preview:large","max-video-preview":"max-video-preview:-1"},"canonical":"https:\/\/lifealnus.eu\/es\/prensa-escrita\/","og_locale":"es_ES","og_type":"article","og_title":"Prensa escrita - LIFE Alnus","og_description":"26\/07\/2019 Una gesti\u00f3n m\u00e1s pr\u00f3xima del r\u00edo &nbsp; 10\/06\/2018 Entrevista Jordi Camprodon &nbsp; 06\/06\/2018 Un proyecto europeo proteger\u00e1 y restaurar\u00e1 los bosques de alisos del Segre en la Cerdanya &nbsp; 01\/08\/2017 El CTFC presenta un proyecto para invertir la evoluci\u00f3n de las alisedas mediterr\u00e1neas","og_url":"https:\/\/lifealnus.eu\/es\/prensa-escrita\/","og_site_name":"LIFE Alnus","article_modified_time":"2019-07-29T11:10:58+00:00","twitter_card":"summary_large_image","twitter_misc":{"Tiempo de lectura":"1 minuto"},"schema":{"@context":"https:\/\/schema.org","@graph":[{"@type":"WebPage","@id":"https:\/\/lifealnus.eu\/es\/prensa-escrita\/","url":"https:\/\/lifealnus.eu\/es\/prensa-escrita\/","name":"Prensa escrita - LIFE Alnus","isPartOf":{"@id":"https:\/\/lifealnus.eu\/#website"},"datePublished":"2019-05-13T11:32:33+00:00","dateModified":"2019-07-29T11:10:58+00:00","breadcrumb":{"@id":"https:\/\/lifealnus.eu\/es\/prensa-escrita\/#breadcrumb"},"inLanguage":"es","potentialAction":[{"@type":"ReadAction","target":["https:\/\/lifealnus.eu\/es\/prensa-escrita\/"]}]},{"@type":"BreadcrumbList","@id":"https:\/\/lifealnus.eu\/es\/prensa-escrita\/#breadcrumb","itemListElement":[{"@type":"ListItem","position":1,"name":"Inici","item":"https:\/\/lifealnus.eu\/es\/"},{"@type":"ListItem","position":2,"name":"Prensa escrita"}]},{"@type":"WebSite","@id":"https:\/\/lifealnus.eu\/#website","url":"https:\/\/lifealnus.eu\/","name":"LIFE Alnus","description":"","potentialAction":[{"@type":"SearchAction","target":{"@type":"EntryPoint","urlTemplate":"https:\/\/lifealnus.eu\/?s={search_term_string}"},"query-input":{"@type":"PropertyValueSpecification","valueRequired":true,"valueName":"search_term_string"}}],"inLanguage":"es"}]}},"_links":{"self":[{"href":"https:\/\/lifealnus.eu\/es\/wp-json\/wp\/v2\/pages\/5504","targetHints":{"allow":["GET"]}}],"collection":[{"href":"https:\/\/lifealnus.eu\/es\/wp-json\/wp\/v2\/pages"}],"about":[{"href":"https:\/\/lifealnus.eu\/es\/wp-json\/wp\/v2\/types\/page"}],"author":[{"embeddable":true,"href":"https:\/\/lifealnus.eu\/es\/wp-json\/wp\/v2\/users\/2"}],"replies":[{"embeddable":true,"href":"https:\/\/lifealnus.eu\/es\/wp-json\/wp\/v2\/comments?post=5504"}],"version-history":[{"count":5,"href":"https:\/\/lifealnus.eu\/es\/wp-json\/wp\/v2\/pages\/5504\/revisions"}],"predecessor-version":[{"id":6227,"href":"https:\/\/lifealnus.eu\/es\/wp-json\/wp\/v2\/pages\/5504\/revisions\/6227"}],"wp:attachment":[{"href":"https:\/\/lifealnus.eu\/es\/wp-json\/wp\/v2\/media?parent=5504"}],"curies":[{"name":"wp","href":"https:\/\/api.w.org\/{rel}","templated":true}]}}