{"id":5484,"date":"2019-05-13T13:28:01","date_gmt":"2019-05-13T11:28:01","guid":{"rendered":"http:\/\/lifealnus.eu\/?page_id=5484"},"modified":"2020-04-07T12:18:01","modified_gmt":"2020-04-07T10:18:01","slug":"notas-de-prensa","status":"publish","type":"page","link":"https:\/\/lifealnus.eu\/es\/notas-de-prensa\/","title":{"rendered":"Notas de prensa"},"content":{"rendered":"[vc_row][vc_column]<div class=\"box-default top-border, left-border\" style=\"border-color:#26988a;border-width:5px;\"><a href=\"http:\/\/lifealnus.eu\/wp-content\/uploads\/2018\/03\/1-Nota-de-premsa.pdf\">Empieza el proyecto de recuperaci\u00f3n de las alisedas en la zona mediterr\u00e1nea<\/a><\/div>[\/vc_column][\/vc_row][vc_row][vc_column]<div class=\"box-default top-border, left-border\" style=\"border-color:#26988a;border-width:5px;\"><a href=\"http:\/\/lifealnus.eu\/wp-content\/uploads\/2019\/07\/Comunicat_premsa.pdf\">Un convenio de custodia fluvial despliega medidas de preservaci\u00f3n y protecci\u00f3n de un tramo del r\u00edo Congost en su paso por tres municipios del Vall\u00e8s Oriental<\/a><\/div>[\/vc_column][\/vc_row][vc_row][vc_column]<div class=\"box-default top-border, left-border\" style=\"border-color:#26988a;border-width:5px;\"><a href=\"https:\/\/lifealnus.eu\/wp-content\/uploads\/2020\/04\/Comunicat_Preservaci\u00f3Vernedes_2020_LIFEALNUS_def.pdf\">Comunicado del LIFE ALNUS para la preservaci\u00f3n de los alisares i los bosques de ribera<\/a><\/div>[\/vc_column][\/vc_row]\n","protected":false},"excerpt":{"rendered":"<p>[vc_row][vc_column][\/vc_column][\/vc_row][vc_row][vc_column][\/vc_column][\/vc_row][vc_row][vc_column][\/vc_column][\/vc_row]<\/p>\n","protected":false},"author":2,"featured_media":0,"parent":0,"menu_order":0,"comment_status":"closed","ping_status":"closed","template":"","meta":{"_acf_changed":false,"footnotes":"","_links_to":"","_links_to_target":""},"class_list":["post-5484","page","type-page","status-publish","hentry"],"acf":[],"yoast_head":"<!-- This site is optimized with the Yoast SEO plugin v27.2 - https:\/\/yoast.com\/product\/yoast-seo-wordpress\/ -->\n<title>Notas de prensa - LIFE Alnus<\/title>\n<meta name=\"robots\" content=\"index, follow, max-snippet:-1, max-image-preview:large, max-video-preview:-1\" \/>\n<link rel=\"canonical\" href=\"https:\/\/lifealnus.eu\/es\/notas-de-prensa\/\" \/>\n<meta property=\"og:locale\" content=\"es_ES\" \/>\n<meta property=\"og:type\" content=\"article\" \/>\n<meta property=\"og:title\" content=\"Notas de prensa - LIFE Alnus\" \/>\n<meta property=\"og:description\" content=\"[vc_row][vc_column][\/vc_column][\/vc_row][vc_row][vc_column][\/vc_column][\/vc_row][vc_row][vc_column][\/vc_column][\/vc_row]\" \/>\n<meta property=\"og:url\" content=\"https:\/\/lifealnus.eu\/es\/notas-de-prensa\/\" \/>\n<meta property=\"og:site_name\" content=\"LIFE Alnus\" \/>\n<meta property=\"article:modified_time\" content=\"2020-04-07T10:18:01+00:00\" \/>\n<meta name=\"twitter:card\" content=\"summary_large_image\" \/>\n<meta name=\"twitter:label1\" content=\"Tiempo de lectura\" \/>\n\t<meta name=\"twitter:data1\" content=\"1 minuto\" \/>\n<script type=\"application\/ld+json\" class=\"yoast-schema-graph\">{\"@context\":\"https:\/\/schema.org\",\"@graph\":[{\"@type\":\"WebPage\",\"@id\":\"https:\/\/lifealnus.eu\/es\/notas-de-prensa\/\",\"url\":\"https:\/\/lifealnus.eu\/es\/notas-de-prensa\/\",\"name\":\"Notas de prensa - LIFE Alnus\",\"isPartOf\":{\"@id\":\"https:\/\/lifealnus.eu\/#website\"},\"datePublished\":\"2019-05-13T11:28:01+00:00\",\"dateModified\":\"2020-04-07T10:18:01+00:00\",\"breadcrumb\":{\"@id\":\"https:\/\/lifealnus.eu\/es\/notas-de-prensa\/#breadcrumb\"},\"inLanguage\":\"es\",\"potentialAction\":[{\"@type\":\"ReadAction\",\"target\":[\"https:\/\/lifealnus.eu\/es\/notas-de-prensa\/\"]}]},{\"@type\":\"BreadcrumbList\",\"@id\":\"https:\/\/lifealnus.eu\/es\/notas-de-prensa\/#breadcrumb\",\"itemListElement\":[{\"@type\":\"ListItem\",\"position\":1,\"name\":\"Inici\",\"item\":\"https:\/\/lifealnus.eu\/es\/\"},{\"@type\":\"ListItem\",\"position\":2,\"name\":\"Notas de prensa\"}]},{\"@type\":\"WebSite\",\"@id\":\"https:\/\/lifealnus.eu\/#website\",\"url\":\"https:\/\/lifealnus.eu\/\",\"name\":\"LIFE Alnus\",\"description\":\"\",\"potentialAction\":[{\"@type\":\"SearchAction\",\"target\":{\"@type\":\"EntryPoint\",\"urlTemplate\":\"https:\/\/lifealnus.eu\/?s={search_term_string}\"},\"query-input\":{\"@type\":\"PropertyValueSpecification\",\"valueRequired\":true,\"valueName\":\"search_term_string\"}}],\"inLanguage\":\"es\"}]}<\/script>\n<!-- \/ Yoast SEO plugin. -->","yoast_head_json":{"title":"Notas de prensa - LIFE Alnus","robots":{"index":"index","follow":"follow","max-snippet":"max-snippet:-1","max-image-preview":"max-image-preview:large","max-video-preview":"max-video-preview:-1"},"canonical":"https:\/\/lifealnus.eu\/es\/notas-de-prensa\/","og_locale":"es_ES","og_type":"article","og_title":"Notas de prensa - LIFE Alnus","og_description":"[vc_row][vc_column][\/vc_column][\/vc_row][vc_row][vc_column][\/vc_column][\/vc_row][vc_row][vc_column][\/vc_column][\/vc_row]","og_url":"https:\/\/lifealnus.eu\/es\/notas-de-prensa\/","og_site_name":"LIFE Alnus","article_modified_time":"2020-04-07T10:18:01+00:00","twitter_card":"summary_large_image","twitter_misc":{"Tiempo de lectura":"1 minuto"},"schema":{"@context":"https:\/\/schema.org","@graph":[{"@type":"WebPage","@id":"https:\/\/lifealnus.eu\/es\/notas-de-prensa\/","url":"https:\/\/lifealnus.eu\/es\/notas-de-prensa\/","name":"Notas de prensa - LIFE Alnus","isPartOf":{"@id":"https:\/\/lifealnus.eu\/#website"},"datePublished":"2019-05-13T11:28:01+00:00","dateModified":"2020-04-07T10:18:01+00:00","breadcrumb":{"@id":"https:\/\/lifealnus.eu\/es\/notas-de-prensa\/#breadcrumb"},"inLanguage":"es","potentialAction":[{"@type":"ReadAction","target":["https:\/\/lifealnus.eu\/es\/notas-de-prensa\/"]}]},{"@type":"BreadcrumbList","@id":"https:\/\/lifealnus.eu\/es\/notas-de-prensa\/#breadcrumb","itemListElement":[{"@type":"ListItem","position":1,"name":"Inici","item":"https:\/\/lifealnus.eu\/es\/"},{"@type":"ListItem","position":2,"name":"Notas de prensa"}]},{"@type":"WebSite","@id":"https:\/\/lifealnus.eu\/#website","url":"https:\/\/lifealnus.eu\/","name":"LIFE Alnus","description":"","potentialAction":[{"@type":"SearchAction","target":{"@type":"EntryPoint","urlTemplate":"https:\/\/lifealnus.eu\/?s={search_term_string}"},"query-input":{"@type":"PropertyValueSpecification","valueRequired":true,"valueName":"search_term_string"}}],"inLanguage":"es"}]}},"_links":{"self":[{"href":"https:\/\/lifealnus.eu\/es\/wp-json\/wp\/v2\/pages\/5484","targetHints":{"allow":["GET"]}}],"collection":[{"href":"https:\/\/lifealnus.eu\/es\/wp-json\/wp\/v2\/pages"}],"about":[{"href":"https:\/\/lifealnus.eu\/es\/wp-json\/wp\/v2\/types\/page"}],"author":[{"embeddable":true,"href":"https:\/\/lifealnus.eu\/es\/wp-json\/wp\/v2\/users\/2"}],"replies":[{"embeddable":true,"href":"https:\/\/lifealnus.eu\/es\/wp-json\/wp\/v2\/comments?post=5484"}],"version-history":[{"count":5,"href":"https:\/\/lifealnus.eu\/es\/wp-json\/wp\/v2\/pages\/5484\/revisions"}],"predecessor-version":[{"id":6944,"href":"https:\/\/lifealnus.eu\/es\/wp-json\/wp\/v2\/pages\/5484\/revisions\/6944"}],"wp:attachment":[{"href":"https:\/\/lifealnus.eu\/es\/wp-json\/wp\/v2\/media?parent=5484"}],"curies":[{"name":"wp","href":"https:\/\/api.w.org\/{rel}","templated":true}]}}