{"id":5450,"date":"2019-05-13T12:05:43","date_gmt":"2019-05-13T10:05:43","guid":{"rendered":"http:\/\/lifealnus.eu\/?page_id=5450"},"modified":"2019-05-13T13:15:20","modified_gmt":"2019-05-13T11:15:20","slug":"politica-de-cookies","status":"publish","type":"page","link":"https:\/\/lifealnus.eu\/es\/politica-de-cookies\/","title":{"rendered":"Pol\u00edtica de cookies"},"content":{"rendered":"[vc_row][vc_column][vc_column_text]<strong>INFORMACI\u00d3N SOBRE COOKIES<\/strong><br \/>\nDebido a la entrada en vigor de la referente modificaci\u00f3n de la Ley de Servicios de la Sociedad de la Informaci\u00f3n (LSSICE) establecida por el Real Decreto 13\/2012, es obligatorio obtener el consentimiento expreso del usuario de todas las p\u00e1ginas web que utilizan cookies prescindibles antes de que este navegue por ellas.<\/p>\n<p><strong>\u00bfQU\u00c9 SON LAS COOKIES?<\/strong><br \/>\nLas cookies y otras tecnolog\u00edas similares tales como local shared objects, flash cookies o p\u00edxeles, son herramientas utilizadas por los servidores web para almacenar y recuperar informaci\u00f3n acerca de sus visitantes, as\u00ed como para ofrecer un correcto funcionamiento del sitio. Mediante el uso de estos dispositivos se permite al servidor web recordar algunos datos relativos al usuario, como sus preferencias para la visualizaci\u00f3n de las p\u00e1ginas de este servidor, etc.<\/p>\n<p><strong>COOKIES AFECTADAS POR LA NORMATIVA Y COOKIES EXENTAS<\/strong><br \/>\nSeg\u00fan la directiva de la UE, las cookies que requieren el consentimiento informado por parte del usuario son las cookies de anal\u00edtica y las de publicidad y afiliaci\u00f3n, quedando exceptuadas las de car\u00e1cter t\u00e9cnico y las necesarias para el funcionamiento del sitio web o la prestaci\u00f3n de servicios expresamente solicitados por el usuario.<\/p>\n<p><strong>\u00bfQU\u00c9 TIPO DE COOKIES EXISTEN?<\/strong><br \/>\nSobre los tipos de galletas, existen cinco grandes grupos:<br \/>\n\u2022 <strong>Cookies anal\u00edticas:<\/strong> recogen informaci\u00f3n del uso que se realiza del sitio web.<br \/>\n\u2022 <strong>Cookies sociales:<\/strong> son las necesarias para redes sociales externas.<br \/>\n\u2022 <strong>Cookies de afiliados:<\/strong> permiten realizar un seguimiento de las visitas procedentes de otras webs con las que el sitio web establece un contrato de afiliaci\u00f3n (empresas de afiliaci\u00f3n).<br \/>\n\u2022 <strong>Cookies de publicidad y comportamiento:<\/strong> recogen informaci\u00f3n sobre las preferencias y elecciones personales del usuario (retargeting).<br \/>\n\u2022<strong> Cookies t\u00e9cnicas y funcionales:<\/strong> son las estrictamente necesarias para el uso del sitio web y para la prestaci\u00f3n del servicio contratado.<\/p>\n<p><strong>COOKIES QUE UTILIZAMOS EN NUESTRO SITIO WEB<\/strong><br \/>\nEste sitio web utiliza las siguientes <strong>cookies propias<\/strong>:<br \/>\n\u2022 <strong>Cookies t\u00e9cnicas y funcionales: <\/strong>Identifican sesi\u00f3n<\/p>\n<p><strong>REVOCACI\u00d3N DEL CONSENTIMIENTO PARA INSTALAR COOKIES \u2013 C\u00d3MO ELIMINAR LAS COOKIES DEL NAVEGADOR<\/strong><br \/>\n<strong>Chrome<\/strong><br \/>\n1. Seleccione el icono de Herramientas<br \/>\n2. Haga clic en Configuraci\u00f3n.<br \/>\n3. Haz clic en Mostrar Opciones Avanzadas.<br \/>\n4. En la secci\u00f3n \u201cPrivacidad\u201d haga clic en Configuraci\u00f3n de contenido.<br \/>\na. Eliminar las cookies: Haz clic en Todas las cookies y datos del sitio\u2026<br \/>\nb. No permitir que se almacenen cookies.<br \/>\n5. Haz clic en Borrar datos de navegaci\u00f3n (vaciar la Cach\u00e9).<br \/>\n6. Cierre y reinicie el navegador.<br \/>\nPara m\u00e1s informaci\u00f3n sobre Chrome pulse aqu\u00ed:<br \/>\nhttp:\/\/support.google.com\/chrome\/answer\/95647?hl=es<\/p>\n<p><strong>Internet Explorer. Versi\u00f3n 11<\/strong><br \/>\n1. Seleccionar Herramientas | Opciones de Internet.<br \/>\n2. Haga clic en la pesta\u00f1a General.<br \/>\n3. En la secci\u00f3n \u201cHistorial de navegaci\u00f3n\u201d, haga clic en Eliminar el historial de exploraci\u00f3n al salir.<br \/>\n4. Seleccione Eliminar archivos.<br \/>\n5. Seleccione Eliminar las cookies.<br \/>\n6. Haga clic en Eliminar.<br \/>\n7. Haga clic en Aceptar.<br \/>\n8. Cierre y reinicie el navegador.<br \/>\nPer a m\u00e9s informaci\u00f3 sobre Internet Explorer premi aqu\u00ed:<br \/>\nhttps:\/\/support.microsoft.com\/es-es\/help\/17442\/windows-internet-explorer-delete-manage-cookies<\/p>\n<p><strong>Firefox Versi\u00f3n 18<\/strong><br \/>\n1. Seleccione Firefox | historial | Limpiar el historial reciente.<br \/>\n2. Al lado de \u201cDetalles\u201d, haz clic en la flecha hacia abajo.<br \/>\n3. Seleccione las siguientes casillas de verificaci\u00f3n: galletas, Cach\u00e9, Inicios de sesi\u00f3n activos<br \/>\n4. Usando el \u201cIntervalo de tiempo para borrar\u201d en el men\u00fa desplegable, seleccione Todo.<br \/>\n5. Haz clic en Borrar ahora.<br \/>\n6. Cierre y reinicie el navegador.<br \/>\nPuede aceptar o rechazar las cookies individualmente en las Preferencias de Firefox, en la secci\u00f3n Historial disponible en Herramientas&gt; Opciones&gt; Privacidad.<\/p>\n<p>Para m\u00e1s informaci\u00f3n sobre Mozilla Firefox pulse aqu\u00ed:<br \/>\nhttps:\/\/www.mozilla.org\/es-ES\/privacy\/websites\/#cookies<\/p>\n<p><strong>Safari versi\u00f3n 5.1<\/strong><br \/>\n1. Seleccione el icono de Safari \/ Edici\u00f3n | Restaurar Safari.<br \/>\n2. Seleccione las siguientes casillas de verificaci\u00f3n: Borrar el historial, Eliminar todos los datos de sitio web<br \/>\n3. Haga clic en Restablecer.<br \/>\n4. Cierre y reinicie el navegador.<br \/>\nPara m\u00e1s informaci\u00f3n sobre Safari pulse aqu\u00ed:<br \/>\nhttp:\/\/support.apple.com\/kb\/PH5042<\/p>\n<p><strong>Opera<\/strong><br \/>\nOpciones \u2013 Avanzado \u2013 Galletas.<br \/>\nLas opciones de cookies controlan la manera en que Opera los maneja y por tanto su aceptaci\u00f3n o rechazo.<\/p>\n<p>Para m\u00e1s informaci\u00f3n sobre Opera pulse aqu\u00ed:<br \/>\nhttps:\/\/help.opera.com\/en\/latest\/web-preferences\/#cookies<\/p>\n<p><strong>Otros navegadores<\/strong><br \/>\nConsulte la documentaci\u00f3n del navegador que tenga instalado.[\/vc_column_text][\/vc_column][\/vc_row]\n","protected":false},"excerpt":{"rendered":"<p>[vc_row][vc_column][vc_column_text]INFORMACI\u00d3N SOBRE COOKIES Debido a la entrada en vigor de la referente modificaci\u00f3n de la Ley de Servicios de la Sociedad de la Informaci\u00f3n (LSSICE) establecida por el Real Decreto 13\/2012, es obligatorio obtener el consentimiento expreso del usuario de todas las p\u00e1ginas web que utilizan cookies prescindibles antes de que este navegue por ellas. [&hellip;]<\/p>\n","protected":false},"author":2,"featured_media":0,"parent":0,"menu_order":0,"comment_status":"closed","ping_status":"closed","template":"","meta":{"_acf_changed":false,"footnotes":"","_links_to":"","_links_to_target":""},"class_list":["post-5450","page","type-page","status-publish","hentry"],"acf":[],"yoast_head":"<!-- This site is optimized with the Yoast SEO plugin v27.4 - https:\/\/yoast.com\/product\/yoast-seo-wordpress\/ -->\n<title>Pol\u00edtica de cookies - LIFE Alnus<\/title>\n<meta name=\"robots\" content=\"index, follow, max-snippet:-1, max-image-preview:large, max-video-preview:-1\" \/>\n<link rel=\"canonical\" href=\"https:\/\/lifealnus.eu\/es\/politica-de-cookies\/\" \/>\n<meta property=\"og:locale\" content=\"es_ES\" \/>\n<meta property=\"og:type\" content=\"article\" \/>\n<meta property=\"og:title\" content=\"Pol\u00edtica de cookies - LIFE Alnus\" \/>\n<meta property=\"og:description\" content=\"[vc_row][vc_column][vc_column_text]INFORMACI\u00d3N SOBRE COOKIES Debido a la entrada en vigor de la referente modificaci\u00f3n de la Ley de Servicios de la Sociedad de la Informaci\u00f3n (LSSICE) establecida por el Real Decreto 13\/2012, es obligatorio obtener el consentimiento expreso del usuario de todas las p\u00e1ginas web que utilizan cookies prescindibles antes de que este navegue por ellas. [&hellip;]\" \/>\n<meta property=\"og:url\" content=\"https:\/\/lifealnus.eu\/es\/politica-de-cookies\/\" \/>\n<meta property=\"og:site_name\" content=\"LIFE Alnus\" \/>\n<meta property=\"article:modified_time\" content=\"2019-05-13T11:15:20+00:00\" \/>\n<meta name=\"twitter:card\" content=\"summary_large_image\" \/>\n<meta name=\"twitter:label1\" content=\"Tiempo de lectura\" \/>\n\t<meta name=\"twitter:data1\" content=\"4 minutos\" \/>\n<script type=\"application\/ld+json\" class=\"yoast-schema-graph\">{\"@context\":\"https:\\\/\\\/schema.org\",\"@graph\":[{\"@type\":\"WebPage\",\"@id\":\"https:\\\/\\\/lifealnus.eu\\\/es\\\/politica-de-cookies\\\/\",\"url\":\"https:\\\/\\\/lifealnus.eu\\\/es\\\/politica-de-cookies\\\/\",\"name\":\"Pol\u00edtica de cookies - LIFE Alnus\",\"isPartOf\":{\"@id\":\"https:\\\/\\\/lifealnus.eu\\\/#website\"},\"datePublished\":\"2019-05-13T10:05:43+00:00\",\"dateModified\":\"2019-05-13T11:15:20+00:00\",\"breadcrumb\":{\"@id\":\"https:\\\/\\\/lifealnus.eu\\\/es\\\/politica-de-cookies\\\/#breadcrumb\"},\"inLanguage\":\"es\",\"potentialAction\":[{\"@type\":\"ReadAction\",\"target\":[\"https:\\\/\\\/lifealnus.eu\\\/es\\\/politica-de-cookies\\\/\"]}]},{\"@type\":\"BreadcrumbList\",\"@id\":\"https:\\\/\\\/lifealnus.eu\\\/es\\\/politica-de-cookies\\\/#breadcrumb\",\"itemListElement\":[{\"@type\":\"ListItem\",\"position\":1,\"name\":\"Inici\",\"item\":\"https:\\\/\\\/lifealnus.eu\\\/es\\\/\"},{\"@type\":\"ListItem\",\"position\":2,\"name\":\"Pol\u00edtica de cookies\"}]},{\"@type\":\"WebSite\",\"@id\":\"https:\\\/\\\/lifealnus.eu\\\/#website\",\"url\":\"https:\\\/\\\/lifealnus.eu\\\/\",\"name\":\"LIFE Alnus\",\"description\":\"\",\"potentialAction\":[{\"@type\":\"SearchAction\",\"target\":{\"@type\":\"EntryPoint\",\"urlTemplate\":\"https:\\\/\\\/lifealnus.eu\\\/?s={search_term_string}\"},\"query-input\":{\"@type\":\"PropertyValueSpecification\",\"valueRequired\":true,\"valueName\":\"search_term_string\"}}],\"inLanguage\":\"es\"}]}<\/script>\n<!-- \/ Yoast SEO plugin. -->","yoast_head_json":{"title":"Pol\u00edtica de cookies - LIFE Alnus","robots":{"index":"index","follow":"follow","max-snippet":"max-snippet:-1","max-image-preview":"max-image-preview:large","max-video-preview":"max-video-preview:-1"},"canonical":"https:\/\/lifealnus.eu\/es\/politica-de-cookies\/","og_locale":"es_ES","og_type":"article","og_title":"Pol\u00edtica de cookies - LIFE Alnus","og_description":"[vc_row][vc_column][vc_column_text]INFORMACI\u00d3N SOBRE COOKIES Debido a la entrada en vigor de la referente modificaci\u00f3n de la Ley de Servicios de la Sociedad de la Informaci\u00f3n (LSSICE) establecida por el Real Decreto 13\/2012, es obligatorio obtener el consentimiento expreso del usuario de todas las p\u00e1ginas web que utilizan cookies prescindibles antes de que este navegue por ellas. [&hellip;]","og_url":"https:\/\/lifealnus.eu\/es\/politica-de-cookies\/","og_site_name":"LIFE Alnus","article_modified_time":"2019-05-13T11:15:20+00:00","twitter_card":"summary_large_image","twitter_misc":{"Tiempo de lectura":"4 minutos"},"schema":{"@context":"https:\/\/schema.org","@graph":[{"@type":"WebPage","@id":"https:\/\/lifealnus.eu\/es\/politica-de-cookies\/","url":"https:\/\/lifealnus.eu\/es\/politica-de-cookies\/","name":"Pol\u00edtica de cookies - LIFE Alnus","isPartOf":{"@id":"https:\/\/lifealnus.eu\/#website"},"datePublished":"2019-05-13T10:05:43+00:00","dateModified":"2019-05-13T11:15:20+00:00","breadcrumb":{"@id":"https:\/\/lifealnus.eu\/es\/politica-de-cookies\/#breadcrumb"},"inLanguage":"es","potentialAction":[{"@type":"ReadAction","target":["https:\/\/lifealnus.eu\/es\/politica-de-cookies\/"]}]},{"@type":"BreadcrumbList","@id":"https:\/\/lifealnus.eu\/es\/politica-de-cookies\/#breadcrumb","itemListElement":[{"@type":"ListItem","position":1,"name":"Inici","item":"https:\/\/lifealnus.eu\/es\/"},{"@type":"ListItem","position":2,"name":"Pol\u00edtica de cookies"}]},{"@type":"WebSite","@id":"https:\/\/lifealnus.eu\/#website","url":"https:\/\/lifealnus.eu\/","name":"LIFE Alnus","description":"","potentialAction":[{"@type":"SearchAction","target":{"@type":"EntryPoint","urlTemplate":"https:\/\/lifealnus.eu\/?s={search_term_string}"},"query-input":{"@type":"PropertyValueSpecification","valueRequired":true,"valueName":"search_term_string"}}],"inLanguage":"es"}]}},"_links":{"self":[{"href":"https:\/\/lifealnus.eu\/es\/wp-json\/wp\/v2\/pages\/5450","targetHints":{"allow":["GET"]}}],"collection":[{"href":"https:\/\/lifealnus.eu\/es\/wp-json\/wp\/v2\/pages"}],"about":[{"href":"https:\/\/lifealnus.eu\/es\/wp-json\/wp\/v2\/types\/page"}],"author":[{"embeddable":true,"href":"https:\/\/lifealnus.eu\/es\/wp-json\/wp\/v2\/users\/2"}],"replies":[{"embeddable":true,"href":"https:\/\/lifealnus.eu\/es\/wp-json\/wp\/v2\/comments?post=5450"}],"version-history":[{"count":3,"href":"https:\/\/lifealnus.eu\/es\/wp-json\/wp\/v2\/pages\/5450\/revisions"}],"predecessor-version":[{"id":5477,"href":"https:\/\/lifealnus.eu\/es\/wp-json\/wp\/v2\/pages\/5450\/revisions\/5477"}],"wp:attachment":[{"href":"https:\/\/lifealnus.eu\/es\/wp-json\/wp\/v2\/media?parent=5450"}],"curies":[{"name":"wp","href":"https:\/\/api.w.org\/{rel}","templated":true}]}}