{"id":5293,"date":"2019-04-15T12:31:54","date_gmt":"2019-04-15T10:31:54","guid":{"rendered":"http:\/\/lifealnus.eu\/?page_id=5293"},"modified":"2019-04-15T12:57:56","modified_gmt":"2019-04-15T10:57:56","slug":"politica-de-privacidad","status":"publish","type":"page","link":"https:\/\/lifealnus.eu\/es\/politica-de-privacidad\/","title":{"rendered":"Pol\u00edtica de privacidad"},"content":{"rendered":"[vc_row][vc_column][vc_column_text]A trav\u00e9s del presente sitio web no se recogen datos de car\u00e1cter personal de los usuarios sin su consentimiento ni se ceden a terceros.<\/p>\n<p>Esta p\u00e1gina web no utiliza cookies para recoger informaci\u00f3n de los usuarios, y tampoco registra direcciones IP de acceso.\u00danicamente se utilizan cookies propias, de sesi\u00f3n, con una finalidad t\u00e9cnica (aquellas que permiten al usuario la navegaci\u00f3n a trav\u00e9s del sitio web y la utilizaci\u00f3n de las diferentes opciones y servicios que en \u00e9sta pueden encontrar).<\/p>\n<p>Este portal contiene enlaces a sitios web de terceros, los cuales sus pol\u00edticas de privacidad son ajenas a las de la presente p\u00e1gina web. Al acceder en estos sitios web, usted puede decidir si acepta sus pol\u00edticas de privacidad y de cookies.<\/p>\n<p>Con car\u00e1cter general, si usted navega por internet, puede aceptar o rechazar las cookies de terceros des de las opciones de configuraci\u00f3n de su navegador.<\/p>\n<p><strong>INFORMACI\u00d3N B\u00c1SICA SOBRE PROTECCI\u00d3N DE DATOS EN CASO DE UTILIZAR EL FORMULARIO DE CONTACTO<\/strong><\/p>\n<p><strong>Responsable del tratamiento<\/strong><\/p>\n<p>Los datos de car\u00e1cter personal que usted nos ha facilitado a trav\u00e9s del formulario de contacto ser\u00e1n responsabilidad de Centre Tecnol\u00f2gic Forestal de Catalunya y le informa que estos datos ser\u00e1n tratados de conformidad con lo que disponen las normativas vigentes en protecci\u00f3n de las personas f\u00edsicas en cuanto al tratamiento de datos personales y a la libre circulaci\u00f3n de estos datos, por lo que se le facilita la siguiente informaci\u00f3n del tratamiento.<\/p>\n<p><strong>Finalidad<\/strong><\/p>\n<p>La finalidad del tratamiento de estos datos es responder a les peticiones de los usuarios a trav\u00e9s del formulario de contacto.<\/p>\n<p><strong>Criterios de conservaci\u00f3n de los datos<\/strong><\/p>\n<p>No se conservan datos. Una vez resuelta la petici\u00f3n del usuario, sus datos son suprimidos con medidas de seguridad adecuadas para garantizar la destrucci\u00f3n total de las mismas.<\/p>\n<p><strong>Comunicaci\u00f3n de los datos<\/strong><\/p>\n<p>No se comunicar\u00e1n los datos a terceros, excepto por obligaci\u00f3n legal.<\/p>\n<p><strong>Derechos que asisten al Usuario<\/strong><\/p>\n<p>No procede, puesto que no se conservan.<\/p>\n<p><strong>Datos de contacto para ejercer sus derechos<\/strong><\/p>\n<p>No procede puesto que los datos de las personas se eliminan una vez se ha tramitado la petici\u00f3n.<\/p>\n<p><b>Car\u00e1cter obligatorio<\/b><b>\u00a0o facultativo de la informaci\u00f3n facilitada por el usuario<\/b><\/p>\n<p>Los Usuarios, mediante la entrada de datos en los campos, marcados con un asterisco (*) en el formulario de contacto, aceptan expresamente y de forma libre e inequ\u00edvoca, que sus datos son necesarios para atender su petici\u00f3n, por parte del prestador, siendo voluntaria la inclusi\u00f3n de datos en los campos restantes. El Usuario garantiza que sus datos personales facilitados al RESPONSABLE son veraces y se responsabiliza de comunicar cualquier modificaci\u00f3n de las mismas.<\/p>\n<p>El RESPONSABLE informa y garantiza expresamente a los usuarios que sus datos personales no ser\u00e1n cedidos a terceros, y que siempre que realizara algun tipo de cesi\u00f3n de datos personales, se pedir\u00e1 previamente el consentimiento expr\u00e9s, informado e inequ\u00edvoco por parte de los Usuarios.<\/p>\n<p>Todos los datos solicitados a trav\u00e9s del sitio web son obligatorios, debido que son necesarios para la prestaci\u00f3n de un servicio \u00f3ptimo al usuario. En caso que no sean facilitados todos los datos, no se garantiza que la informaci\u00f3n y servicios facilitados sean completamente ajustados a sus necesidades.<\/p>\n<p><strong>Medidas de seguridad<\/strong><\/p>\n<p>Que de conformidad con lo que disponen las normativas vigentes en protecci\u00f3n de datos personales, Centre Tecnol\u00f2gic Forestal de Catalunya est\u00e1 cumpliendo con todas las disposiciones que las normativas GDPR para el tratamiento de datos personales de su responsabilidad, y manifiestamente con los principios descritos en el art\u00edculo 5 del GDPR, por los cuales son tratados de manera l\u00edcita, leal y transparente en relaci\u00f3n con los fines por los cuales son tratados.<\/p>\n<p>El RESPONSABLE garantiza que ha implementado pol\u00edticas t\u00e9cnicas y organizativas apropiadas para aplicar las medidas de seguridad que establecen el GDPR para proteger los derechos y libertades de los Usuarios y les ha comunicado la informaci\u00f3n adecuada para que puedan ejercerlos.<\/p>\n[\/vc_column_text][\/vc_column][\/vc_row]\n","protected":false},"excerpt":{"rendered":"<p>[vc_row][vc_column][vc_column_text]A trav\u00e9s del presente sitio web no se recogen datos de car\u00e1cter personal de los usuarios sin su consentimiento ni se ceden a terceros. Esta p\u00e1gina web no utiliza cookies para recoger informaci\u00f3n de los usuarios, y tampoco registra direcciones IP de acceso.\u00danicamente se utilizan cookies propias, de sesi\u00f3n, con una finalidad t\u00e9cnica (aquellas que [&hellip;]<\/p>\n","protected":false},"author":2,"featured_media":0,"parent":0,"menu_order":0,"comment_status":"closed","ping_status":"closed","template":"","meta":{"_acf_changed":false,"footnotes":"","_links_to":"","_links_to_target":""},"class_list":["post-5293","page","type-page","status-publish","hentry"],"acf":[],"yoast_head":"<!-- This site is optimized with the Yoast SEO plugin v27.2 - https:\/\/yoast.com\/product\/yoast-seo-wordpress\/ -->\n<title>Pol\u00edtica de privacidad - LIFE Alnus<\/title>\n<meta name=\"robots\" content=\"index, follow, max-snippet:-1, max-image-preview:large, max-video-preview:-1\" \/>\n<link rel=\"canonical\" href=\"https:\/\/lifealnus.eu\/es\/politica-de-privacidad\/\" \/>\n<meta property=\"og:locale\" content=\"es_ES\" \/>\n<meta property=\"og:type\" content=\"article\" \/>\n<meta property=\"og:title\" content=\"Pol\u00edtica de privacidad - LIFE Alnus\" \/>\n<meta property=\"og:description\" content=\"[vc_row][vc_column][vc_column_text]A trav\u00e9s del presente sitio web no se recogen datos de car\u00e1cter personal de los usuarios sin su consentimiento ni se ceden a terceros. Esta p\u00e1gina web no utiliza cookies para recoger informaci\u00f3n de los usuarios, y tampoco registra direcciones IP de acceso.\u00danicamente se utilizan cookies propias, de sesi\u00f3n, con una finalidad t\u00e9cnica (aquellas que [&hellip;]\" \/>\n<meta property=\"og:url\" content=\"https:\/\/lifealnus.eu\/es\/politica-de-privacidad\/\" \/>\n<meta property=\"og:site_name\" content=\"LIFE Alnus\" \/>\n<meta property=\"article:modified_time\" content=\"2019-04-15T10:57:56+00:00\" \/>\n<meta name=\"twitter:card\" content=\"summary_large_image\" \/>\n<meta name=\"twitter:label1\" content=\"Tiempo de lectura\" \/>\n\t<meta name=\"twitter:data1\" content=\"4 minutos\" \/>\n<script type=\"application\/ld+json\" class=\"yoast-schema-graph\">{\"@context\":\"https:\/\/schema.org\",\"@graph\":[{\"@type\":\"WebPage\",\"@id\":\"https:\/\/lifealnus.eu\/es\/politica-de-privacidad\/\",\"url\":\"https:\/\/lifealnus.eu\/es\/politica-de-privacidad\/\",\"name\":\"Pol\u00edtica de privacidad - LIFE Alnus\",\"isPartOf\":{\"@id\":\"https:\/\/lifealnus.eu\/#website\"},\"datePublished\":\"2019-04-15T10:31:54+00:00\",\"dateModified\":\"2019-04-15T10:57:56+00:00\",\"breadcrumb\":{\"@id\":\"https:\/\/lifealnus.eu\/es\/politica-de-privacidad\/#breadcrumb\"},\"inLanguage\":\"es\",\"potentialAction\":[{\"@type\":\"ReadAction\",\"target\":[\"https:\/\/lifealnus.eu\/es\/politica-de-privacidad\/\"]}]},{\"@type\":\"BreadcrumbList\",\"@id\":\"https:\/\/lifealnus.eu\/es\/politica-de-privacidad\/#breadcrumb\",\"itemListElement\":[{\"@type\":\"ListItem\",\"position\":1,\"name\":\"Inici\",\"item\":\"https:\/\/lifealnus.eu\/es\/\"},{\"@type\":\"ListItem\",\"position\":2,\"name\":\"Pol\u00edtica de privacidad\"}]},{\"@type\":\"WebSite\",\"@id\":\"https:\/\/lifealnus.eu\/#website\",\"url\":\"https:\/\/lifealnus.eu\/\",\"name\":\"LIFE Alnus\",\"description\":\"\",\"potentialAction\":[{\"@type\":\"SearchAction\",\"target\":{\"@type\":\"EntryPoint\",\"urlTemplate\":\"https:\/\/lifealnus.eu\/?s={search_term_string}\"},\"query-input\":{\"@type\":\"PropertyValueSpecification\",\"valueRequired\":true,\"valueName\":\"search_term_string\"}}],\"inLanguage\":\"es\"}]}<\/script>\n<!-- \/ Yoast SEO plugin. -->","yoast_head_json":{"title":"Pol\u00edtica de privacidad - LIFE Alnus","robots":{"index":"index","follow":"follow","max-snippet":"max-snippet:-1","max-image-preview":"max-image-preview:large","max-video-preview":"max-video-preview:-1"},"canonical":"https:\/\/lifealnus.eu\/es\/politica-de-privacidad\/","og_locale":"es_ES","og_type":"article","og_title":"Pol\u00edtica de privacidad - LIFE Alnus","og_description":"[vc_row][vc_column][vc_column_text]A trav\u00e9s del presente sitio web no se recogen datos de car\u00e1cter personal de los usuarios sin su consentimiento ni se ceden a terceros. Esta p\u00e1gina web no utiliza cookies para recoger informaci\u00f3n de los usuarios, y tampoco registra direcciones IP de acceso.\u00danicamente se utilizan cookies propias, de sesi\u00f3n, con una finalidad t\u00e9cnica (aquellas que [&hellip;]","og_url":"https:\/\/lifealnus.eu\/es\/politica-de-privacidad\/","og_site_name":"LIFE Alnus","article_modified_time":"2019-04-15T10:57:56+00:00","twitter_card":"summary_large_image","twitter_misc":{"Tiempo de lectura":"4 minutos"},"schema":{"@context":"https:\/\/schema.org","@graph":[{"@type":"WebPage","@id":"https:\/\/lifealnus.eu\/es\/politica-de-privacidad\/","url":"https:\/\/lifealnus.eu\/es\/politica-de-privacidad\/","name":"Pol\u00edtica de privacidad - LIFE Alnus","isPartOf":{"@id":"https:\/\/lifealnus.eu\/#website"},"datePublished":"2019-04-15T10:31:54+00:00","dateModified":"2019-04-15T10:57:56+00:00","breadcrumb":{"@id":"https:\/\/lifealnus.eu\/es\/politica-de-privacidad\/#breadcrumb"},"inLanguage":"es","potentialAction":[{"@type":"ReadAction","target":["https:\/\/lifealnus.eu\/es\/politica-de-privacidad\/"]}]},{"@type":"BreadcrumbList","@id":"https:\/\/lifealnus.eu\/es\/politica-de-privacidad\/#breadcrumb","itemListElement":[{"@type":"ListItem","position":1,"name":"Inici","item":"https:\/\/lifealnus.eu\/es\/"},{"@type":"ListItem","position":2,"name":"Pol\u00edtica de privacidad"}]},{"@type":"WebSite","@id":"https:\/\/lifealnus.eu\/#website","url":"https:\/\/lifealnus.eu\/","name":"LIFE Alnus","description":"","potentialAction":[{"@type":"SearchAction","target":{"@type":"EntryPoint","urlTemplate":"https:\/\/lifealnus.eu\/?s={search_term_string}"},"query-input":{"@type":"PropertyValueSpecification","valueRequired":true,"valueName":"search_term_string"}}],"inLanguage":"es"}]}},"_links":{"self":[{"href":"https:\/\/lifealnus.eu\/es\/wp-json\/wp\/v2\/pages\/5293","targetHints":{"allow":["GET"]}}],"collection":[{"href":"https:\/\/lifealnus.eu\/es\/wp-json\/wp\/v2\/pages"}],"about":[{"href":"https:\/\/lifealnus.eu\/es\/wp-json\/wp\/v2\/types\/page"}],"author":[{"embeddable":true,"href":"https:\/\/lifealnus.eu\/es\/wp-json\/wp\/v2\/users\/2"}],"replies":[{"embeddable":true,"href":"https:\/\/lifealnus.eu\/es\/wp-json\/wp\/v2\/comments?post=5293"}],"version-history":[{"count":5,"href":"https:\/\/lifealnus.eu\/es\/wp-json\/wp\/v2\/pages\/5293\/revisions"}],"predecessor-version":[{"id":5299,"href":"https:\/\/lifealnus.eu\/es\/wp-json\/wp\/v2\/pages\/5293\/revisions\/5299"}],"wp:attachment":[{"href":"https:\/\/lifealnus.eu\/es\/wp-json\/wp\/v2\/media?parent=5293"}],"curies":[{"name":"wp","href":"https:\/\/api.w.org\/{rel}","templated":true}]}}