{"id":4317,"date":"2018-02-21T16:30:17","date_gmt":"2018-02-21T14:30:17","guid":{"rendered":"http:\/\/lifealnus.eu\/socis\/"},"modified":"2019-11-25T15:37:21","modified_gmt":"2019-11-25T13:37:21","slug":"socios","status":"publish","type":"page","link":"https:\/\/lifealnus.eu\/es\/socios\/","title":{"rendered":"Socios"},"content":{"rendered":"[vc_section full_width=\u00bbstretch_row\u00bb el_id=\u00bbsocis-list\u00bb css=\u00bb.vc_custom_1520416475709{padding-top: 80px !important;padding-bottom: 100px !important;background-color: #fafafa !important;}\u00bb][vc_row css=\u00bb.vc_custom_1520416100172{border-top-width: 1px !important;border-bottom-width: 1px !important;border-top-color: #e0e0e0 !important;border-top-style: solid !important;border-bottom-color: #e0e0e0 !important;border-bottom-style: solid !important;}\u00bb][vc_column width=\u00bb1\/4&#8243;][vc_single_image image=\u00bb3898&#8243; img_size=\u00bbfull\u00bb css=\u00bb.vc_custom_1520416413244{margin-top: 10px !important;}\u00bb][\/vc_column][vc_column width=\u00bb3\/4&#8243;][vc_column_text]\n<h2>Centre de Ci\u00e8ncia i Tecnologia Forestal de Catalunya (Coordinador)<\/h2>\n<p>El Centre de Ci\u00e8ncia i Tecnologia Forestal de Catalunya (CTFC) tiene por misi\u00f3n contribuir a la modernizaci\u00f3n y a la competitividad del sector forestal, al desarrollo rural y a la gesti\u00f3n sostenible del medio natural a trav\u00e9s de la investigaci\u00f3n, la formaci\u00f3n y la transferencia de tecnolog\u00eda y conocimiento a la sociedad. En este contexto, la actividad que lleva a cabo est\u00e1 orientada a resolver problemas relacionados con la gesti\u00f3n de ecosistemas y la interacci\u00f3n de los recursos naturales con la sociedad, con el objetivo de mejorar la riqueza y el bienestar de las personas y la sostenibilidad del medio natural en el contexto de cambio global actual. Esta orientaci\u00f3n se traduce en el retorno de los resultados de nuestro trabajo en la sociedad. Los contenidos nuestra actividad se articulan alrededor de tres programas: Din\u00e1mica del paisaje y biodiversidad, Gesti\u00f3n forestal multifuncional y Gobernanza y bioeconom\u00eda del medio rural, en los cuales se enmarcan las diferentes l\u00edneas de investigaci\u00f3n, formaci\u00f3n y transferencia que se desarrollan en la instituci\u00f3n.<\/p>\n<p><a href=\"http:\/\/www.ctfc.cat\" target=\"_blank\" rel=\"noopener\">www.ctfc.cat<\/a>[\/vc_column_text][\/vc_column][\/vc_row][vc_row css=\u00bb.vc_custom_1520416196611{border-bottom-width: 1px !important;border-bottom-color: #e0e0e0 !important;border-bottom-style: solid !important;}\u00bb][vc_column width=\u00bb1\/4&#8243;][vc_single_image image=\u00bb3901&#8243; img_size=\u00bbfull\u00bb css=\u00bb.vc_custom_1520416418587{margin-top: 10px !important;}\u00bb][\/vc_column][vc_column width=\u00bb3\/4&#8243;][vc_column_text]\n<h2>Centre d&#8217;Estudis dels Rius Mediterranis<\/h2>\n<p>El Centre d\u2019Estudis dels Rius Mediterranis (CERM) es el\u00e1rea ambiental del Museo del Ter, que tiene como finalidades el estudio, la difusi\u00f3n y la conservaci\u00f3n del patrimonio cultural y natural del r\u00edo Ter y, por extensi\u00f3n, de los otros r\u00edos mediterr\u00e1neos.<\/p>\n<p>Las principales actividades del CERM son la Custodia y la restauraci\u00f3n ecol\u00f3gica de sistemas fluviales &#8211; mediante la consecuci\u00f3 de acuerdos con propietarios y ayunamientos -, la educaci\u00f3n ambiental y la sensibilizaci\u00f3n ciudadana &#8211; da formaci\u00f3n a miles de alumnos cada a\u00f1o, desde educaci\u00f3n infantil hasta estudiantes universitarios -, y la Investigaci\u00f3n en r\u00edos mediterr\u00e1neos &#8211; sobre todo asociada a la evaluaci\u00f3n del estado ecol\u00f3gico de r\u00edos (vegetaci\u00f3n de ribera, macroinvertebrados acu\u00e1ticos, peces, etc) y soluciones para mejorar la conectividad de los r\u00edos para los peces.<\/p>\n<p>Trabaja y colaborar con universidades y otras instituciones, esencialmente en el conjunto de Catalunya, aunque tambi\u00e9n participa en alg\u00fan proyecto internacional.<\/p>\n<p><a href=\"http:\/\/mon.uvic.cat\/cerm\">http:\/\/mon.uvic.cat\/cerm<\/a>[\/vc_column_text][\/vc_column][\/vc_row][vc_row css=\u00bb.vc_custom_1520416201736{border-bottom-width: 1px !important;border-bottom-color: #e0e0e0 !important;border-bottom-style: solid !important;}\u00bb][vc_column width=\u00bb1\/4&#8243;][vc_single_image image=\u00bb3904&#8243; img_size=\u00bbfull\u00bb css=\u00bb.vc_custom_1520416425985{margin-top: 10px !important;}\u00bb][\/vc_column][vc_column width=\u00bb3\/4&#8243;][vc_column_text]\n<h2>Ayuntamiento de Granollers<\/h2>\n<p>El Ayuntamiento de Granollers es una entidad local con una larga trayectoria en la implantaci\u00f3n de pol\u00edticas ambientales y en la realizaci\u00f3n de proyectos de preservaci\u00f3n del medio natural.<\/p>\n<p>En los \u00faltimos 20 a\u00f1os, Granollers ha dedicado especial atenci\u00f3n a la recuperaci\u00f3n ecol\u00f3gica y social del r\u00edo Congost, el eje vertebrador del municipio y principal infraestructura verde de la llanura de la comarca. Se han realizado multitud de proyectos de rehabilitaci\u00f3n fluvial del Congost, buscando\u00a0la consecuci\u00f3n de la m\u00e1xima naturalidad posible en el cauce y destinando las riberas fluviales a la creaci\u00f3n de un gran parque fluvial donde conviven las actividades sociales y las acciones para el fomento de la biodiversidad.<\/p>\n<p>El trabajo continuo han permitido desarrollar una gesti\u00f3n avanzada del Congost en su paso por Granollers. Por un lado, se ha conseguido un r\u00edo liberado y seminatural en el tramo periurbano entre el Pla de Palou y el espacio natural de Can Cabanyes. Por el otro, el r\u00edo en su tramo urbano situado en el centre de la ciudad cuenta con un cauce bajo naturalizado y un cauce alto de gran valor paisaj\u00edstico y un mantenimiento optimizado para funcionar como corredor fluvial .<\/p>\n<p>Los trabajos de restauraci\u00f3n fluvial m\u00e1s destacados son:<br \/>\n&#8211; La mejora de la conectividad en el sector de Palou, con deprendimiento parcial del muro de contenci\u00f3n<br \/>\n&#8211; La creaci\u00f3n de h\u00e1bitats para la recuperaci\u00f3n de la fauna y la vegetaci\u00f3n de ribera en Can Cabanyes<br \/>\n&#8211; El fomento de una vegetaci\u00f3n de ribera adecuada sin alterar los riesgos hidrol\u00f3gicos.<br \/>\n&#8211; La utilizaci\u00f3n de t\u00e9cnicas\u00a0de bioingenier\u00eda para corregir perfiles y la mejora ecol\u00f3gica de m\u00e1rgenes<br \/>\n&#8211; La eliminaci\u00f3n de especies invasoras del cauce fluvial y los espacios adyacentes<\/p>\n<p><a href=\"http:\/\/www.granollers.cat\" target=\"_blank\" rel=\"noopener\">www.granollers.cat<\/a>[\/vc_column_text][\/vc_column][\/vc_row][vc_row css=\u00bb.vc_custom_1520416207643{border-bottom-width: 1px !important;border-bottom-color: #e0e0e0 !important;border-bottom-style: solid !important;}\u00bb][vc_column width=\u00bb1\/4&#8243;][vc_single_image image=\u00bb3907&#8243; img_size=\u00bbfull\u00bb css=\u00bb.vc_custom_1520416432094{margin-top: 10px !important;}\u00bb][\/vc_column][vc_column width=\u00bb3\/4&#8243;][vc_column_text]\n<h2>Ag\u00e8ncia Catalana de l\u2019Aigua<\/h2>\n<p>La Ag\u00e8ncia Catalana de l\u2019Aigua (ACA), adscrita al Departamento de Territorio y Sostenibilidad de la Generalitat de Catalunya, surgi\u00f3 de la fusi\u00f3n de la Junta de Sanejament y la Junta d&#8217;Aig\u00fces, como la empresa p\u00fablica encargada de planificar y gestionar el ciclo integral del agua en Catalunya.<\/p>\n<p>La ACA desarrolla sus funciones con una visi\u00f3n integradora de los ecosistemas acu\u00e1ticos, que tenga en cuenta su equilibrio y que se base en los principios de eficacia, eficiencia y econom\u00eda de costes. Sus competencias principales son:<\/p>\n<p>\u2022 Cumplir la Directiva marco del agua (DMA).<br \/>\n\u2022 Proteger el medio natural acu\u00e1tico y autorizar las actuaciones en los cauces.<br \/>\n\u2022 Planificar y ordenar el abastacimiento y el saneamiento en las cuencas internas de Catalunya.<br \/>\n\u2022 Construir y explotar depuradoras.<br \/>\n\u2022 Redactar estudios de inundabilidad.<br \/>\n\u2022 Hacer inspecciones y su seguimiento.<br \/>\n\u2022 Elaborar leyes y decretos en competencias del agua.<\/p>\n<p><a href=\"http:\/\/aca.gencat.cat\" target=\"_blank\" rel=\"noopener\">http:\/\/aca.gencat.cat<\/a>[\/vc_column_text][\/vc_column][\/vc_row][vc_row css=\u00bb.vc_custom_1520416214473{border-bottom-width: 1px !important;border-bottom-color: #e0e0e0 !important;border-bottom-style: solid !important;}\u00bb][vc_column width=\u00bb1\/4&#8243;][vc_single_image image=\u00bb4520&#8243; img_size=\u00bbfull\u00bb css=\u00bb.vc_custom_1527845346791{margin-top: 10px !important;}\u00bb][\/vc_column][vc_column width=\u00bb3\/4&#8243;][vc_column_text]\n<h2>MN Consultors en Ci\u00e8ncies de la Conservaci\u00f3<\/h2>\n<p>MN CONSULTORS EN CI\u00c8NCIES DE LA CONSERVACI\u00d3 es una sociedad independiente fundada el a\u00f1o 1998 en pro de la conservaci\u00f3n de los ecosistemas mediterr\u00e1neos y de su diversidad biol\u00f3gica.<\/p>\n<p>Operando desde el campo de la biolog\u00eda y la ingenier\u00eda civil, provee conocimiento y presta servicios de investigaci\u00f3n y de asesor\u00eda t\u00e9cnica, cient\u00edfica y jur\u00eddica especializada en favor de administraciones, agencias gubernamentales y compa\u00f1\u00edas mercantiles.<\/p>\n<p>Sus \u00e1mbitos de mayor especializaci\u00f3n son la ecolog\u00eda fluvial, la zoolog\u00eda aplicada, la conservaci\u00f3n de la flora y los h\u00e1bitats naturales, y la restauraci\u00f3n de ecosistemas desde la ingenier\u00eda civil.<\/p>\n<p>En los \u00faltimos a\u00f1os se ha consolidado como el equipo de \u00e1mbito ib\u00e9rico con una mayor especializaci\u00f3n en la interconexi\u00f3n de las ciencias hidrogeomorfol\u00f3gicas e hidrobiol\u00f3gicas, as\u00ed como en la resoluci\u00f3n de retos de restauraci\u00f3n singularmente complejos relacionados con problem\u00e1ticas geomorfol\u00f3gicas y morfodin\u00e1micas. Es el equipo que ha concebido un mayor n\u00famero de proyectos de restauraci\u00f3n fluvial en las cuencas mediterr\u00e1nes de la Pen\u00ednsula Ib\u00e9rica durante los \u00faltimos a\u00f1os.<\/p>\n<p><a href=\"http:\/\/www.mnconsultors.com\/home\/lang\/ca\" target=\"_blank\" rel=\"noopener\">www.mnconsultors.com<\/a>[\/vc_column_text][\/vc_column][\/vc_row][vc_row css=\u00bb.vc_custom_1520416218559{border-bottom-width: 1px !important;border-bottom-color: #e0e0e0 !important;border-bottom-style: solid !important;}\u00bb][vc_column width=\u00bb1\/4&#8243;][vc_single_image image=\u00bb3913&#8243; img_size=\u00bbfull\u00bb css=\u00bb.vc_custom_1520416442855{margin-top: 10px !important;}\u00bb][\/vc_column][vc_column width=\u00bb3\/4&#8243;][vc_column_text]\n<h2>Fundaci\u00f3 Catalunya-La Pedrera<\/h2>\n<p>La Fundaci\u00f3 Catalunya-La Pedrera es una entidad sin \u00e1nimo de lucro. Uno de sus principales objetivos es la conservaci\u00f3n del patrimonio natural y el paisaje y la sensibilizaci\u00f3n de la poblaci\u00f3n hacia la necesidad de proteger el medio ambiente.<\/p>\n<p>En este sentido, la Fundaci\u00f3 tiene tres l\u00edneas de actuaci\u00f3n:<\/p>\n<ol>\n<li>La adquisici\u00f3n de territorio representativo de ambientes naturales bien conservados y la subsiguiente gesti\u00f3n de los mismos en colaboraci\u00f3n con instituciones conservacionistas, otras organizaciones no gubernamentales y entidades p\u00fablicas.<\/li>\n<li>La colaboraci\u00f3n en proyectos de conservaci\u00f3n de la naturaleza que llevan a cabo otras instituciones nacionales.<\/li>\n<li>Desarrollar una tarea educativa continuada, entre los ni\u00f1os y ni\u00f1as y los j\u00f3venes, as\u00ed como tambi\u00e9n entre los adultos, con tal de crear valores medioambientales en nuestra sociedad.<\/li>\n<\/ol>\n<p>La Fundaci\u00f3 ayuda actualmente a proteger el 4.5 % del territorio catal\u00e1n y ya tiene 26 espacios en propiedad. En este sentido, la Fundaci\u00f3 participa en la gesti\u00f3n sostenible de 144.096 hect\u00e1reas, formadas por propiedades de la Fundaci\u00f3 (adquiridas con prop\u00f3sitos conservacionistas) y otras propiedades p\u00fablicas y\/o privadas con las que la Fundaci\u00f3 tiene acuerdos de custodia con sus propietarios.<\/p>\n<p><a href=\"http:\/\/fundaciocatalunya-lapedrera.com\" target=\"_blank\" rel=\"noopener\">fundaciocatalunya-lapedrera.com<\/a>[\/vc_column_text][\/vc_column][\/vc_row][\/vc_section][vc_row][vc_column width=\u00bb1\/4&#8243;][vc_empty_space height=\u00bb45px\u00bb][vc_empty_space height=\u00bb45px\u00bb][vc_column_text]\n<h2>Colaboradores:<\/h2>\n[\/vc_column_text][\/vc_column][vc_column width=\u00bb1\/4&#8243;][vc_empty_space height=\u00bb45px\u00bb][vc_single_image image=\u00bb6603&#8243; img_size=\u00bb100&#215;100&#8243; onclick=\u00bbcustom_link\u00bb link=\u00bbhttps:\/\/besos-tordera.cat\/\u00bb][\/vc_column][vc_column width=\u00bb1\/4&#8243;][vc_single_image image=\u00bb6607&#8243; img_size=\u00bb200&#215;200&#8243; onclick=\u00bbcustom_link\u00bb link=\u00bbhttps:\/\/www.consorcidelter.cat\/\u00bb][\/vc_column][vc_column width=\u00bb1\/4&#8243;][\/vc_column][\/vc_row]\n","protected":false},"excerpt":{"rendered":"<p>[vc_section full_width=\u00bbstretch_row\u00bb el_id=\u00bbsocis-list\u00bb css=\u00bb.vc_custom_1520416475709{padding-top: 80px !important;padding-bottom: 100px !important;background-color: #fafafa !important;}\u00bb][vc_row css=\u00bb.vc_custom_1520416100172{border-top-width: 1px !important;border-bottom-width: 1px !important;border-top-color: #e0e0e0 !important;border-top-style: solid !important;border-bottom-color: #e0e0e0 !important;border-bottom-style: solid !important;}\u00bb][vc_column width=\u00bb1\/4&#8243;][vc_single_image image=\u00bb3898&#8243; img_size=\u00bbfull\u00bb css=\u00bb.vc_custom_1520416413244{margin-top: 10px !important;}\u00bb][\/vc_column][vc_column width=\u00bb3\/4&#8243;][vc_column_text] Centre de Ci\u00e8ncia i Tecnologia Forestal de Catalunya (Coordinador) El Centre de Ci\u00e8ncia i Tecnologia Forestal de Catalunya (CTFC) tiene por misi\u00f3n contribuir a la [&hellip;]<\/p>\n","protected":false},"author":1,"featured_media":0,"parent":0,"menu_order":0,"comment_status":"closed","ping_status":"closed","template":"","meta":{"_acf_changed":false,"footnotes":"","_links_to":"","_links_to_target":""},"class_list":["post-4317","page","type-page","status-publish","hentry"],"acf":[],"yoast_head":"<!-- This site is optimized with the Yoast SEO plugin v27.2 - https:\/\/yoast.com\/product\/yoast-seo-wordpress\/ -->\n<title>Life Alnus: el bosc del riu | Entitats i socis del projecte<\/title>\n<meta name=\"description\" content=\"El Centre Tecnol\u00f2gic Forestal en Ci\u00e8ncies de la Conservaci\u00f3, l&#039;Ag\u00e8ncia Catalana de l&#039;Aigua, el Centre d&#039;Estudis dels Rius Mediterranis, MN Consultors en Ci\u00e8ncies de la Conservaci\u00f3, l&#039;Ajuntament de Granollers, la Fundaci\u00f3 Catalunya La Pedrera, i els programes Life i Natura 2000, s\u00f3n els socis del projecte\" \/>\n<meta name=\"robots\" content=\"index, follow, max-snippet:-1, max-image-preview:large, max-video-preview:-1\" \/>\n<link rel=\"canonical\" href=\"https:\/\/lifealnus.eu\/es\/socios\/\" \/>\n<meta property=\"og:locale\" content=\"es_ES\" \/>\n<meta property=\"og:type\" content=\"article\" \/>\n<meta property=\"og:title\" content=\"Life Alnus: el bosc del riu | Entitats i socis del projecte\" \/>\n<meta property=\"og:description\" content=\"El Centre Tecnol\u00f2gic Forestal en Ci\u00e8ncies de la Conservaci\u00f3, l&#039;Ag\u00e8ncia Catalana de l&#039;Aigua, el Centre d&#039;Estudis dels Rius Mediterranis, MN Consultors en Ci\u00e8ncies de la Conservaci\u00f3, l&#039;Ajuntament de Granollers, la Fundaci\u00f3 Catalunya La Pedrera, i els programes Life i Natura 2000, s\u00f3n els socis del projecte\" \/>\n<meta property=\"og:url\" content=\"https:\/\/lifealnus.eu\/es\/socios\/\" \/>\n<meta property=\"og:site_name\" content=\"LIFE Alnus\" \/>\n<meta property=\"article:modified_time\" content=\"2019-11-25T13:37:21+00:00\" \/>\n<meta name=\"twitter:card\" content=\"summary_large_image\" \/>\n<meta name=\"twitter:label1\" content=\"Tiempo de lectura\" \/>\n\t<meta name=\"twitter:data1\" content=\"8 minutos\" \/>\n<script type=\"application\/ld+json\" class=\"yoast-schema-graph\">{\"@context\":\"https:\/\/schema.org\",\"@graph\":[{\"@type\":\"WebPage\",\"@id\":\"https:\/\/lifealnus.eu\/es\/socios\/\",\"url\":\"https:\/\/lifealnus.eu\/es\/socios\/\",\"name\":\"Life Alnus: el bosc del riu | Entitats i socis del projecte\",\"isPartOf\":{\"@id\":\"https:\/\/lifealnus.eu\/#website\"},\"datePublished\":\"2018-02-21T14:30:17+00:00\",\"dateModified\":\"2019-11-25T13:37:21+00:00\",\"description\":\"El Centre Tecnol\u00f2gic Forestal en Ci\u00e8ncies de la Conservaci\u00f3, l'Ag\u00e8ncia Catalana de l'Aigua, el Centre d'Estudis dels Rius Mediterranis, MN Consultors en Ci\u00e8ncies de la Conservaci\u00f3, l'Ajuntament de Granollers, la Fundaci\u00f3 Catalunya La Pedrera, i els programes Life i Natura 2000, s\u00f3n els socis del projecte\",\"breadcrumb\":{\"@id\":\"https:\/\/lifealnus.eu\/es\/socios\/#breadcrumb\"},\"inLanguage\":\"es\",\"potentialAction\":[{\"@type\":\"ReadAction\",\"target\":[\"https:\/\/lifealnus.eu\/es\/socios\/\"]}]},{\"@type\":\"BreadcrumbList\",\"@id\":\"https:\/\/lifealnus.eu\/es\/socios\/#breadcrumb\",\"itemListElement\":[{\"@type\":\"ListItem\",\"position\":1,\"name\":\"Inici\",\"item\":\"https:\/\/lifealnus.eu\/es\/\"},{\"@type\":\"ListItem\",\"position\":2,\"name\":\"Socios\"}]},{\"@type\":\"WebSite\",\"@id\":\"https:\/\/lifealnus.eu\/#website\",\"url\":\"https:\/\/lifealnus.eu\/\",\"name\":\"LIFE Alnus\",\"description\":\"\",\"potentialAction\":[{\"@type\":\"SearchAction\",\"target\":{\"@type\":\"EntryPoint\",\"urlTemplate\":\"https:\/\/lifealnus.eu\/?s={search_term_string}\"},\"query-input\":{\"@type\":\"PropertyValueSpecification\",\"valueRequired\":true,\"valueName\":\"search_term_string\"}}],\"inLanguage\":\"es\"}]}<\/script>\n<!-- \/ Yoast SEO plugin. -->","yoast_head_json":{"title":"Life Alnus: el bosc del riu | Entitats i socis del projecte","description":"El Centre Tecnol\u00f2gic Forestal en Ci\u00e8ncies de la Conservaci\u00f3, l'Ag\u00e8ncia Catalana de l'Aigua, el Centre d'Estudis dels Rius Mediterranis, MN Consultors en Ci\u00e8ncies de la Conservaci\u00f3, l'Ajuntament de Granollers, la Fundaci\u00f3 Catalunya La Pedrera, i els programes Life i Natura 2000, s\u00f3n els socis del projecte","robots":{"index":"index","follow":"follow","max-snippet":"max-snippet:-1","max-image-preview":"max-image-preview:large","max-video-preview":"max-video-preview:-1"},"canonical":"https:\/\/lifealnus.eu\/es\/socios\/","og_locale":"es_ES","og_type":"article","og_title":"Life Alnus: el bosc del riu | Entitats i socis del projecte","og_description":"El Centre Tecnol\u00f2gic Forestal en Ci\u00e8ncies de la Conservaci\u00f3, l'Ag\u00e8ncia Catalana de l'Aigua, el Centre d'Estudis dels Rius Mediterranis, MN Consultors en Ci\u00e8ncies de la Conservaci\u00f3, l'Ajuntament de Granollers, la Fundaci\u00f3 Catalunya La Pedrera, i els programes Life i Natura 2000, s\u00f3n els socis del projecte","og_url":"https:\/\/lifealnus.eu\/es\/socios\/","og_site_name":"LIFE Alnus","article_modified_time":"2019-11-25T13:37:21+00:00","twitter_card":"summary_large_image","twitter_misc":{"Tiempo de lectura":"8 minutos"},"schema":{"@context":"https:\/\/schema.org","@graph":[{"@type":"WebPage","@id":"https:\/\/lifealnus.eu\/es\/socios\/","url":"https:\/\/lifealnus.eu\/es\/socios\/","name":"Life Alnus: el bosc del riu | Entitats i socis del projecte","isPartOf":{"@id":"https:\/\/lifealnus.eu\/#website"},"datePublished":"2018-02-21T14:30:17+00:00","dateModified":"2019-11-25T13:37:21+00:00","description":"El Centre Tecnol\u00f2gic Forestal en Ci\u00e8ncies de la Conservaci\u00f3, l'Ag\u00e8ncia Catalana de l'Aigua, el Centre d'Estudis dels Rius Mediterranis, MN Consultors en Ci\u00e8ncies de la Conservaci\u00f3, l'Ajuntament de Granollers, la Fundaci\u00f3 Catalunya La Pedrera, i els programes Life i Natura 2000, s\u00f3n els socis del projecte","breadcrumb":{"@id":"https:\/\/lifealnus.eu\/es\/socios\/#breadcrumb"},"inLanguage":"es","potentialAction":[{"@type":"ReadAction","target":["https:\/\/lifealnus.eu\/es\/socios\/"]}]},{"@type":"BreadcrumbList","@id":"https:\/\/lifealnus.eu\/es\/socios\/#breadcrumb","itemListElement":[{"@type":"ListItem","position":1,"name":"Inici","item":"https:\/\/lifealnus.eu\/es\/"},{"@type":"ListItem","position":2,"name":"Socios"}]},{"@type":"WebSite","@id":"https:\/\/lifealnus.eu\/#website","url":"https:\/\/lifealnus.eu\/","name":"LIFE Alnus","description":"","potentialAction":[{"@type":"SearchAction","target":{"@type":"EntryPoint","urlTemplate":"https:\/\/lifealnus.eu\/?s={search_term_string}"},"query-input":{"@type":"PropertyValueSpecification","valueRequired":true,"valueName":"search_term_string"}}],"inLanguage":"es"}]}},"_links":{"self":[{"href":"https:\/\/lifealnus.eu\/es\/wp-json\/wp\/v2\/pages\/4317","targetHints":{"allow":["GET"]}}],"collection":[{"href":"https:\/\/lifealnus.eu\/es\/wp-json\/wp\/v2\/pages"}],"about":[{"href":"https:\/\/lifealnus.eu\/es\/wp-json\/wp\/v2\/types\/page"}],"author":[{"embeddable":true,"href":"https:\/\/lifealnus.eu\/es\/wp-json\/wp\/v2\/users\/1"}],"replies":[{"embeddable":true,"href":"https:\/\/lifealnus.eu\/es\/wp-json\/wp\/v2\/comments?post=4317"}],"version-history":[{"count":5,"href":"https:\/\/lifealnus.eu\/es\/wp-json\/wp\/v2\/pages\/4317\/revisions"}],"predecessor-version":[{"id":6648,"href":"https:\/\/lifealnus.eu\/es\/wp-json\/wp\/v2\/pages\/4317\/revisions\/6648"}],"wp:attachment":[{"href":"https:\/\/lifealnus.eu\/es\/wp-json\/wp\/v2\/media?parent=4317"}],"curies":[{"name":"wp","href":"https:\/\/api.w.org\/{rel}","templated":true}]}}