{"id":4315,"date":"2018-02-21T17:24:30","date_gmt":"2018-02-21T15:24:30","guid":{"rendered":"http:\/\/lifealnus.eu\/recursos\/"},"modified":"2019-07-09T09:45:35","modified_gmt":"2019-07-09T07:45:35","slug":"recursos","status":"publish","type":"page","link":"https:\/\/lifealnus.eu\/es\/recursos\/","title":{"rendered":"Recursos"},"content":{"rendered":"[vc_section full_width=\u00bbstretch_row\u00bb][vc_row full_width=\u00bbstretch_row\u00bb css=\u00bb.vc_custom_1559124805713{padding-top: 40px !important;padding-bottom: 75px !important;background-color: #ffffff !important;}\u00bb el_id=\u00bbrecursos\u00bb][vc_column][vc_row_inner][vc_column_inner width=\u00bb1\/4&#8243;][vc_single_image image=\u00bb3859&#8243; img_size=\u00bb150&#215;150&#8243; alignment=\u00bbcenter\u00bb style=\u00bbvc_box_shadow_border_circle_2&#8243; onclick=\u00bbcustom_link\u00bb css=\u00bb.vc_custom_1562658301106{margin-bottom: 12px !important;}\u00bb link=\u00bb http:\/\/lifealnus.eu\/es\/recursos\/galeria-fotografica\/\u00bb][vc_column_text]\n<p style=\"text-align: center;\"><a href=\"http:\/\/lifealnus.eu\/es\/recursos\/galeria-fotografica\/\">Galer\u00eda fotogr\u00e1fica<\/a><\/p>\n[\/vc_column_text][\/vc_column_inner][vc_column_inner width=\u00bb1\/4&#8243;][vc_single_image image=\u00bb3865&#8243; img_size=\u00bb150&#215;150&#8243; alignment=\u00bbcenter\u00bb style=\u00bbvc_box_shadow_border_circle_2&#8243; onclick=\u00bbcustom_link\u00bb css=\u00bb.vc_custom_1562658306382{margin-bottom: 12px !important;}\u00bb link=\u00bb http:\/\/lifealnus.eu\/es\/recursos\/videos\/\u00bb][vc_column_text]\n<p style=\"text-align: center;\"><a href=\"http:\/\/lifealnus.eu\/es\/recursos\/videos\/\">V\u00eddeos<\/a><\/p>\n[\/vc_column_text][\/vc_column_inner][vc_column_inner width=\u00bb1\/4&#8243;][vc_single_image image=\u00bb3868&#8243; img_size=\u00bb150&#215;150&#8243; alignment=\u00bbcenter\u00bb style=\u00bbvc_box_shadow_border_circle_2&#8243; onclick=\u00bbcustom_link\u00bb css=\u00bb.vc_custom_1562658312848{margin-bottom: 12px !important;}\u00bb link=\u00bb http:\/\/lifealnus.eu\/es\/recursos\/materiales\/\u00bb][vc_column_text]\n<p style=\"text-align: center;\"><a href=\"http:\/\/lifealnus.eu\/es\/recursos\/materiales\/\">Materiales<\/a><\/p>\n[\/vc_column_text][\/vc_column_inner][vc_column_inner width=\u00bb1\/4&#8243;][vc_single_image image=\u00bb3862&#8243; img_size=\u00bb150&#215;150&#8243; alignment=\u00bbcenter\u00bb style=\u00bbvc_box_shadow_border_circle_2&#8243; onclick=\u00bbcustom_link\u00bb css=\u00bb.vc_custom_1562658319820{margin-bottom: 12px !important;}\u00bb link=\u00bb http:\/\/lifealnus.eu\/es\/recursos\/enlaces-de-interes\/\u00bb][vc_column_text]\n<p style=\"text-align: center;\"><a href=\"http:\/\/lifealnus.eu\/es\/recursos\/enlaces-de-interes\/\">Enlaces de inter\u00e9s<\/a><\/p>\n[\/vc_column_text][\/vc_column_inner][\/vc_row_inner][\/vc_column][\/vc_row][\/vc_section]\n","protected":false},"excerpt":{"rendered":"<p>[vc_section full_width=\u00bbstretch_row\u00bb][vc_row full_width=\u00bbstretch_row\u00bb css=\u00bb.vc_custom_1559124805713{padding-top: 40px !important;padding-bottom: 75px !important;background-color: #ffffff !important;}\u00bb el_id=\u00bbrecursos\u00bb][vc_column][vc_row_inner][vc_column_inner width=\u00bb1\/4&#8243;][vc_single_image image=\u00bb3859&#8243; img_size=\u00bb150&#215;150&#8243; alignment=\u00bbcenter\u00bb style=\u00bbvc_box_shadow_border_circle_2&#8243; onclick=\u00bbcustom_link\u00bb css=\u00bb.vc_custom_1562658301106{margin-bottom: 12px !important;}\u00bb link=\u00bb http:\/\/lifealnus.eu\/es\/recursos\/galeria-fotografica\/\u00bb][vc_column_text] Galer\u00eda fotogr\u00e1fica [\/vc_column_text][\/vc_column_inner][vc_column_inner width=\u00bb1\/4&#8243;][vc_single_image image=\u00bb3865&#8243; img_size=\u00bb150&#215;150&#8243; alignment=\u00bbcenter\u00bb style=\u00bbvc_box_shadow_border_circle_2&#8243; onclick=\u00bbcustom_link\u00bb css=\u00bb.vc_custom_1562658306382{margin-bottom: 12px !important;}\u00bb link=\u00bb http:\/\/lifealnus.eu\/es\/recursos\/videos\/\u00bb][vc_column_text] V\u00eddeos [\/vc_column_text][\/vc_column_inner][vc_column_inner width=\u00bb1\/4&#8243;][vc_single_image image=\u00bb3868&#8243; img_size=\u00bb150&#215;150&#8243; alignment=\u00bbcenter\u00bb style=\u00bbvc_box_shadow_border_circle_2&#8243; onclick=\u00bbcustom_link\u00bb css=\u00bb.vc_custom_1562658312848{margin-bottom: 12px !important;}\u00bb link=\u00bb http:\/\/lifealnus.eu\/es\/recursos\/materiales\/\u00bb][vc_column_text] Materiales [\/vc_column_text][\/vc_column_inner][vc_column_inner width=\u00bb1\/4&#8243;][vc_single_image image=\u00bb3862&#8243; img_size=\u00bb150&#215;150&#8243; alignment=\u00bbcenter\u00bb [&hellip;]<\/p>\n","protected":false},"author":1,"featured_media":3673,"parent":0,"menu_order":0,"comment_status":"closed","ping_status":"closed","template":"","meta":{"_acf_changed":false,"footnotes":"","_links_to":"","_links_to_target":""},"class_list":["post-4315","page","type-page","status-publish","has-post-thumbnail","hentry"],"acf":[],"yoast_head":"<!-- This site is optimized with the Yoast SEO plugin v27.2 - https:\/\/yoast.com\/product\/yoast-seo-wordpress\/ -->\n<title>Life Alnus: el bosc del riu | Recursos | Documents, materials i galeria fotogr\u00e0fica<\/title>\n<meta name=\"description\" content=\"Documents, materials i galeria fotogr\u00e0fica del projecte europeu Life Alnus: el bosc del riu. Recursos per con\u00e8ixer amb m\u00e9s detall aquesta mesura experimental per conservar les vernedes mediterr\u00e0nies a Catalunya.\" \/>\n<meta name=\"robots\" content=\"index, follow, max-snippet:-1, max-image-preview:large, max-video-preview:-1\" \/>\n<link rel=\"canonical\" href=\"https:\/\/lifealnus.eu\/es\/recursos\/\" \/>\n<meta property=\"og:locale\" content=\"es_ES\" \/>\n<meta property=\"og:type\" content=\"article\" \/>\n<meta property=\"og:title\" content=\"Life Alnus: el bosc del riu | Recursos | Documents, materials i galeria fotogr\u00e0fica\" \/>\n<meta property=\"og:description\" content=\"Documents, materials i galeria fotogr\u00e0fica del projecte europeu Life Alnus: el bosc del riu. Recursos per con\u00e8ixer amb m\u00e9s detall aquesta mesura experimental per conservar les vernedes mediterr\u00e0nies a Catalunya.\" \/>\n<meta property=\"og:url\" content=\"https:\/\/lifealnus.eu\/es\/recursos\/\" \/>\n<meta property=\"og:site_name\" content=\"LIFE Alnus\" \/>\n<meta property=\"article:modified_time\" content=\"2019-07-09T07:45:35+00:00\" \/>\n<meta property=\"og:image\" content=\"https:\/\/lifealnus.eu\/wp-content\/uploads\/2018\/02\/bg2.jpg\" \/>\n\t<meta property=\"og:image:width\" content=\"1600\" \/>\n\t<meta property=\"og:image:height\" content=\"333\" \/>\n\t<meta property=\"og:image:type\" content=\"image\/jpeg\" \/>\n<meta name=\"twitter:card\" content=\"summary_large_image\" \/>\n<meta name=\"twitter:label1\" content=\"Tiempo de lectura\" \/>\n\t<meta name=\"twitter:data1\" content=\"1 minuto\" \/>\n<script type=\"application\/ld+json\" class=\"yoast-schema-graph\">{\"@context\":\"https:\/\/schema.org\",\"@graph\":[{\"@type\":\"WebPage\",\"@id\":\"https:\/\/lifealnus.eu\/es\/recursos\/\",\"url\":\"https:\/\/lifealnus.eu\/es\/recursos\/\",\"name\":\"Life Alnus: el bosc del riu | Recursos | Documents, materials i galeria fotogr\u00e0fica\",\"isPartOf\":{\"@id\":\"https:\/\/lifealnus.eu\/#website\"},\"primaryImageOfPage\":{\"@id\":\"https:\/\/lifealnus.eu\/es\/recursos\/#primaryimage\"},\"image\":{\"@id\":\"https:\/\/lifealnus.eu\/es\/recursos\/#primaryimage\"},\"thumbnailUrl\":\"https:\/\/lifealnus.eu\/wp-content\/uploads\/2018\/02\/bg2.jpg\",\"datePublished\":\"2018-02-21T15:24:30+00:00\",\"dateModified\":\"2019-07-09T07:45:35+00:00\",\"description\":\"Documents, materials i galeria fotogr\u00e0fica del projecte europeu Life Alnus: el bosc del riu. Recursos per con\u00e8ixer amb m\u00e9s detall aquesta mesura experimental per conservar les vernedes mediterr\u00e0nies a Catalunya.\",\"breadcrumb\":{\"@id\":\"https:\/\/lifealnus.eu\/es\/recursos\/#breadcrumb\"},\"inLanguage\":\"es\",\"potentialAction\":[{\"@type\":\"ReadAction\",\"target\":[\"https:\/\/lifealnus.eu\/es\/recursos\/\"]}]},{\"@type\":\"ImageObject\",\"inLanguage\":\"es\",\"@id\":\"https:\/\/lifealnus.eu\/es\/recursos\/#primaryimage\",\"url\":\"https:\/\/lifealnus.eu\/wp-content\/uploads\/2018\/02\/bg2.jpg\",\"contentUrl\":\"https:\/\/lifealnus.eu\/wp-content\/uploads\/2018\/02\/bg2.jpg\",\"width\":1600,\"height\":333},{\"@type\":\"BreadcrumbList\",\"@id\":\"https:\/\/lifealnus.eu\/es\/recursos\/#breadcrumb\",\"itemListElement\":[{\"@type\":\"ListItem\",\"position\":1,\"name\":\"Inici\",\"item\":\"https:\/\/lifealnus.eu\/es\/\"},{\"@type\":\"ListItem\",\"position\":2,\"name\":\"Recursos\"}]},{\"@type\":\"WebSite\",\"@id\":\"https:\/\/lifealnus.eu\/#website\",\"url\":\"https:\/\/lifealnus.eu\/\",\"name\":\"LIFE Alnus\",\"description\":\"\",\"potentialAction\":[{\"@type\":\"SearchAction\",\"target\":{\"@type\":\"EntryPoint\",\"urlTemplate\":\"https:\/\/lifealnus.eu\/?s={search_term_string}\"},\"query-input\":{\"@type\":\"PropertyValueSpecification\",\"valueRequired\":true,\"valueName\":\"search_term_string\"}}],\"inLanguage\":\"es\"}]}<\/script>\n<!-- \/ Yoast SEO plugin. -->","yoast_head_json":{"title":"Life Alnus: el bosc del riu | Recursos | Documents, materials i galeria fotogr\u00e0fica","description":"Documents, materials i galeria fotogr\u00e0fica del projecte europeu Life Alnus: el bosc del riu. Recursos per con\u00e8ixer amb m\u00e9s detall aquesta mesura experimental per conservar les vernedes mediterr\u00e0nies a Catalunya.","robots":{"index":"index","follow":"follow","max-snippet":"max-snippet:-1","max-image-preview":"max-image-preview:large","max-video-preview":"max-video-preview:-1"},"canonical":"https:\/\/lifealnus.eu\/es\/recursos\/","og_locale":"es_ES","og_type":"article","og_title":"Life Alnus: el bosc del riu | Recursos | Documents, materials i galeria fotogr\u00e0fica","og_description":"Documents, materials i galeria fotogr\u00e0fica del projecte europeu Life Alnus: el bosc del riu. Recursos per con\u00e8ixer amb m\u00e9s detall aquesta mesura experimental per conservar les vernedes mediterr\u00e0nies a Catalunya.","og_url":"https:\/\/lifealnus.eu\/es\/recursos\/","og_site_name":"LIFE Alnus","article_modified_time":"2019-07-09T07:45:35+00:00","og_image":[{"width":1600,"height":333,"url":"https:\/\/lifealnus.eu\/wp-content\/uploads\/2018\/02\/bg2.jpg","type":"image\/jpeg"}],"twitter_card":"summary_large_image","twitter_misc":{"Tiempo de lectura":"1 minuto"},"schema":{"@context":"https:\/\/schema.org","@graph":[{"@type":"WebPage","@id":"https:\/\/lifealnus.eu\/es\/recursos\/","url":"https:\/\/lifealnus.eu\/es\/recursos\/","name":"Life Alnus: el bosc del riu | Recursos | Documents, materials i galeria fotogr\u00e0fica","isPartOf":{"@id":"https:\/\/lifealnus.eu\/#website"},"primaryImageOfPage":{"@id":"https:\/\/lifealnus.eu\/es\/recursos\/#primaryimage"},"image":{"@id":"https:\/\/lifealnus.eu\/es\/recursos\/#primaryimage"},"thumbnailUrl":"https:\/\/lifealnus.eu\/wp-content\/uploads\/2018\/02\/bg2.jpg","datePublished":"2018-02-21T15:24:30+00:00","dateModified":"2019-07-09T07:45:35+00:00","description":"Documents, materials i galeria fotogr\u00e0fica del projecte europeu Life Alnus: el bosc del riu. Recursos per con\u00e8ixer amb m\u00e9s detall aquesta mesura experimental per conservar les vernedes mediterr\u00e0nies a Catalunya.","breadcrumb":{"@id":"https:\/\/lifealnus.eu\/es\/recursos\/#breadcrumb"},"inLanguage":"es","potentialAction":[{"@type":"ReadAction","target":["https:\/\/lifealnus.eu\/es\/recursos\/"]}]},{"@type":"ImageObject","inLanguage":"es","@id":"https:\/\/lifealnus.eu\/es\/recursos\/#primaryimage","url":"https:\/\/lifealnus.eu\/wp-content\/uploads\/2018\/02\/bg2.jpg","contentUrl":"https:\/\/lifealnus.eu\/wp-content\/uploads\/2018\/02\/bg2.jpg","width":1600,"height":333},{"@type":"BreadcrumbList","@id":"https:\/\/lifealnus.eu\/es\/recursos\/#breadcrumb","itemListElement":[{"@type":"ListItem","position":1,"name":"Inici","item":"https:\/\/lifealnus.eu\/es\/"},{"@type":"ListItem","position":2,"name":"Recursos"}]},{"@type":"WebSite","@id":"https:\/\/lifealnus.eu\/#website","url":"https:\/\/lifealnus.eu\/","name":"LIFE Alnus","description":"","potentialAction":[{"@type":"SearchAction","target":{"@type":"EntryPoint","urlTemplate":"https:\/\/lifealnus.eu\/?s={search_term_string}"},"query-input":{"@type":"PropertyValueSpecification","valueRequired":true,"valueName":"search_term_string"}}],"inLanguage":"es"}]}},"_links":{"self":[{"href":"https:\/\/lifealnus.eu\/es\/wp-json\/wp\/v2\/pages\/4315","targetHints":{"allow":["GET"]}}],"collection":[{"href":"https:\/\/lifealnus.eu\/es\/wp-json\/wp\/v2\/pages"}],"about":[{"href":"https:\/\/lifealnus.eu\/es\/wp-json\/wp\/v2\/types\/page"}],"author":[{"embeddable":true,"href":"https:\/\/lifealnus.eu\/es\/wp-json\/wp\/v2\/users\/1"}],"replies":[{"embeddable":true,"href":"https:\/\/lifealnus.eu\/es\/wp-json\/wp\/v2\/comments?post=4315"}],"version-history":[{"count":5,"href":"https:\/\/lifealnus.eu\/es\/wp-json\/wp\/v2\/pages\/4315\/revisions"}],"predecessor-version":[{"id":6098,"href":"https:\/\/lifealnus.eu\/es\/wp-json\/wp\/v2\/pages\/4315\/revisions\/6098"}],"wp:featuredmedia":[{"embeddable":true,"href":"https:\/\/lifealnus.eu\/es\/wp-json\/wp\/v2\/media\/3673"}],"wp:attachment":[{"href":"https:\/\/lifealnus.eu\/es\/wp-json\/wp\/v2\/media?parent=4315"}],"curies":[{"name":"wp","href":"https:\/\/api.w.org\/{rel}","templated":true}]}}