{"id":3708,"date":"2014-07-09T21:26:36","date_gmt":"2014-07-09T21:26:36","guid":{"rendered":"http:\/\/lifealnus.eu\/homepage\/"},"modified":"2020-10-05T13:08:44","modified_gmt":"2020-10-05T11:08:44","slug":"homepage","status":"publish","type":"page","link":"https:\/\/lifealnus.eu\/es\/","title":{"rendered":"Home"},"content":{"rendered":"[vc_row][vc_column][vc_empty_space][vc_row_inner][vc_column_inner width=\u00bb1\/3&#8243;][vc_single_image image=\u00bb6523&#8243; img_size=\u00bbfull\u00bb style=\u00bbvc_box_shadow_3d\u00bb onclick=\u00bbcustom_link\u00bb link=\u00bb http:\/\/lifealnus.eu\/es\/proyecto\/#accions\u00bb css=\u00bb.vc_custom_1601896108483{margin-bottom: 10px !important;}\u00bb][vc_column_text]\n<h4 style=\"text-align: center;\"><a href=\"http:\/\/lifealnus.eu\/es\/proyecto\/#accions\">Acciones<\/a><\/h4>\n[\/vc_column_text][\/vc_column_inner][vc_column_inner width=\u00bb1\/3&#8243;][vc_single_image image=\u00bb7056&#8243; img_size=\u00bbfull\u00bb style=\u00bbvc_box_shadow_3d\u00bb onclick=\u00bbcustom_link\u00bb link=\u00bb http:\/\/lifealnus.eu\/es\/aca-smarty-planet\/\u00bb css=\u00bb.vc_custom_1601896121663{margin-bottom: 10px !important;}\u00bb][vc_column_text]\n<h4 style=\"text-align: center;\"><a href=\"http:\/\/lifealnus.eu\/es\/aca-smarty-planet\/\">Datos en directo de <\/a><a href=\"http:\/\/lifealnus.eu\/es\/aca-smarty-planet\/\">los sensores de caudal<\/a><\/h4>\n[\/vc_column_text][\/vc_column_inner][vc_column_inner width=\u00bb1\/3&#8243;][vc_single_image image=\u00bb6516&#8243; img_size=\u00bbfull\u00bb style=\u00bbvc_box_shadow_3d\u00bb onclick=\u00bbcustom_link\u00bb link=\u00bb http:\/\/lifealnus.eu\/es\/newsletter-esp\/\u00bb css=\u00bb.vc_custom_1575388225600{margin-bottom: 10px !important;}\u00bb][vc_column_text]\n<h4 style=\"text-align: center;\"><a href=\"http:\/\/lifealnus.eu\/es\/newsletter-esp\/\">Bolet\u00edn<\/a><\/h4>\n[\/vc_column_text][\/vc_column_inner][\/vc_row_inner][vc_row_inner][vc_column_inner][vc_video link=\u00bbhttps:\/\/www.youtube.com\/watch?v=wc2BcPygY4Q\u00bb el_width=\u00bb70&#8243; align=\u00bbcenter\u00bb css_animation=\u00bbappear\u00bb css=\u00bb.vc_custom_1580386413976{border-radius: 1px !important;}\u00bb][\/vc_column_inner][\/vc_row_inner][\/vc_column][\/vc_row][vc_section full_width=\u00bbstretch_row\u00bb css=\u00bb.vc_custom_1518626250258{background-color: #ffffff !important;}\u00bb][vc_row][vc_column][vc_column_text el_class=\u00bbfs13&#8243;]\n<h3><span style=\"color: #a0a0a4;\">NOVEDADES<\/span><\/h3>\n[\/vc_column_text][\/vc_column][\/vc_row][vc_row][vc_column][vc_basic_grid post_type=\u00bbpost\u00bb max_items=\u00bb3&#8243; initial_loading_animation=\u00bbfadeInUp\u00bb grid_id=\u00bbvc_gid:1601896088036-b953dd5a-d638-3&#8243; el_class=\u00bbhomegrid\u00bb][\/vc_column][\/vc_row][\/vc_section]\n","protected":false},"excerpt":{"rendered":"<p>[vc_row][vc_column][vc_empty_space][vc_row_inner][vc_column_inner width=\u00bb1\/3&#8243;][vc_single_image image=\u00bb6523&#8243; img_size=\u00bbfull\u00bb style=\u00bbvc_box_shadow_3d\u00bb onclick=\u00bbcustom_link\u00bb link=\u00bb http:\/\/lifealnus.eu\/es\/proyecto\/#accions\u00bb css=\u00bb.vc_custom_1601896108483{margin-bottom: 10px !important;}\u00bb][vc_column_text] Acciones [\/vc_column_text][\/vc_column_inner][vc_column_inner width=\u00bb1\/3&#8243;][vc_single_image image=\u00bb7056&#8243; img_size=\u00bbfull\u00bb style=\u00bbvc_box_shadow_3d\u00bb onclick=\u00bbcustom_link\u00bb link=\u00bb http:\/\/lifealnus.eu\/es\/aca-smarty-planet\/\u00bb css=\u00bb.vc_custom_1601896121663{margin-bottom: 10px !important;}\u00bb][vc_column_text] Datos en directo de los sensores de caudal [\/vc_column_text][\/vc_column_inner][vc_column_inner width=\u00bb1\/3&#8243;][vc_single_image image=\u00bb6516&#8243; img_size=\u00bbfull\u00bb style=\u00bbvc_box_shadow_3d\u00bb onclick=\u00bbcustom_link\u00bb link=\u00bb http:\/\/lifealnus.eu\/es\/newsletter-esp\/\u00bb css=\u00bb.vc_custom_1575388225600{margin-bottom: 10px !important;}\u00bb][vc_column_text] Bolet\u00edn [\/vc_column_text][\/vc_column_inner][\/vc_row_inner][vc_row_inner][vc_column_inner][vc_video link=\u00bbhttps:\/\/www.youtube.com\/watch?v=wc2BcPygY4Q\u00bb el_width=\u00bb70&#8243; align=\u00bbcenter\u00bb css_animation=\u00bbappear\u00bb css=\u00bb.vc_custom_1580386413976{border-radius: 1px !important;}\u00bb][\/vc_column_inner][\/vc_row_inner][\/vc_column][\/vc_row][vc_section full_width=\u00bbstretch_row\u00bb css=\u00bb.vc_custom_1518626250258{background-color: #ffffff !important;}\u00bb][vc_row][vc_column][vc_column_text [&hellip;]<\/p>\n","protected":false},"author":1,"featured_media":0,"parent":0,"menu_order":0,"comment_status":"closed","ping_status":"closed","template":"","meta":{"_acf_changed":false,"footnotes":"","_links_to":"","_links_to_target":""},"class_list":["post-3708","page","type-page","status-publish","hentry"],"acf":[],"yoast_head":"<!-- This site is optimized with the Yoast SEO plugin v27.2 - https:\/\/yoast.com\/product\/yoast-seo-wordpress\/ -->\n<title>Life Alnus | El bosc del riu<\/title>\n<meta name=\"description\" content=\"Life Alnus El bosc del riu \u00e9s un projecte de conservaci\u00f3 de les vernedes mediterr\u00e0nies per invertir la regressi\u00f3 i degradaci\u00f3 d&#039;aquest h\u00e0bitat de ribera. I per crear un model exportable a la resta de l&#039;arc biogeogr\u00e0fic mediterrani.\" \/>\n<meta name=\"robots\" content=\"index, follow, max-snippet:-1, max-image-preview:large, max-video-preview:-1\" \/>\n<link rel=\"canonical\" href=\"https:\/\/lifealnus.eu\/es\/\" \/>\n<meta property=\"og:locale\" content=\"es_ES\" \/>\n<meta property=\"og:type\" content=\"article\" \/>\n<meta property=\"og:title\" content=\"Life Alnus | El bosc del riu\" \/>\n<meta property=\"og:description\" content=\"Life Alnus El bosc del riu \u00e9s un projecte de conservaci\u00f3 de les vernedes mediterr\u00e0nies per invertir la regressi\u00f3 i degradaci\u00f3 d&#039;aquest h\u00e0bitat de ribera. I per crear un model exportable a la resta de l&#039;arc biogeogr\u00e0fic mediterrani.\" \/>\n<meta property=\"og:url\" content=\"https:\/\/lifealnus.eu\/es\/\" \/>\n<meta property=\"og:site_name\" content=\"LIFE Alnus\" \/>\n<meta property=\"article:modified_time\" content=\"2020-10-05T11:08:44+00:00\" \/>\n<meta name=\"twitter:card\" content=\"summary_large_image\" \/>\n<meta name=\"twitter:label1\" content=\"Tiempo de lectura\" \/>\n\t<meta name=\"twitter:data1\" content=\"1 minuto\" \/>\n<script type=\"application\/ld+json\" class=\"yoast-schema-graph\">{\"@context\":\"https:\/\/schema.org\",\"@graph\":[{\"@type\":\"WebPage\",\"@id\":\"https:\/\/lifealnus.eu\/es\/\",\"url\":\"https:\/\/lifealnus.eu\/es\/\",\"name\":\"Life Alnus | El bosc del riu\",\"isPartOf\":{\"@id\":\"https:\/\/lifealnus.eu\/#website\"},\"datePublished\":\"2014-07-09T21:26:36+00:00\",\"dateModified\":\"2020-10-05T11:08:44+00:00\",\"description\":\"Life Alnus El bosc del riu \u00e9s un projecte de conservaci\u00f3 de les vernedes mediterr\u00e0nies per invertir la regressi\u00f3 i degradaci\u00f3 d'aquest h\u00e0bitat de ribera. I per crear un model exportable a la resta de l'arc biogeogr\u00e0fic mediterrani.\",\"breadcrumb\":{\"@id\":\"https:\/\/lifealnus.eu\/es\/#breadcrumb\"},\"inLanguage\":\"es\",\"potentialAction\":[{\"@type\":\"ReadAction\",\"target\":[\"https:\/\/lifealnus.eu\/es\/\"]}]},{\"@type\":\"BreadcrumbList\",\"@id\":\"https:\/\/lifealnus.eu\/es\/#breadcrumb\",\"itemListElement\":[{\"@type\":\"ListItem\",\"position\":1,\"name\":\"Inici\",\"item\":\"https:\/\/lifealnus.eu\/es\/\"},{\"@type\":\"ListItem\",\"position\":2,\"name\":\"Home\"}]},{\"@type\":\"WebSite\",\"@id\":\"https:\/\/lifealnus.eu\/#website\",\"url\":\"https:\/\/lifealnus.eu\/\",\"name\":\"LIFE Alnus\",\"description\":\"\",\"potentialAction\":[{\"@type\":\"SearchAction\",\"target\":{\"@type\":\"EntryPoint\",\"urlTemplate\":\"https:\/\/lifealnus.eu\/?s={search_term_string}\"},\"query-input\":{\"@type\":\"PropertyValueSpecification\",\"valueRequired\":true,\"valueName\":\"search_term_string\"}}],\"inLanguage\":\"es\"}]}<\/script>\n<!-- \/ Yoast SEO plugin. -->","yoast_head_json":{"title":"Life Alnus | El bosc del riu","description":"Life Alnus El bosc del riu \u00e9s un projecte de conservaci\u00f3 de les vernedes mediterr\u00e0nies per invertir la regressi\u00f3 i degradaci\u00f3 d'aquest h\u00e0bitat de ribera. I per crear un model exportable a la resta de l'arc biogeogr\u00e0fic mediterrani.","robots":{"index":"index","follow":"follow","max-snippet":"max-snippet:-1","max-image-preview":"max-image-preview:large","max-video-preview":"max-video-preview:-1"},"canonical":"https:\/\/lifealnus.eu\/es\/","og_locale":"es_ES","og_type":"article","og_title":"Life Alnus | El bosc del riu","og_description":"Life Alnus El bosc del riu \u00e9s un projecte de conservaci\u00f3 de les vernedes mediterr\u00e0nies per invertir la regressi\u00f3 i degradaci\u00f3 d'aquest h\u00e0bitat de ribera. I per crear un model exportable a la resta de l'arc biogeogr\u00e0fic mediterrani.","og_url":"https:\/\/lifealnus.eu\/es\/","og_site_name":"LIFE Alnus","article_modified_time":"2020-10-05T11:08:44+00:00","twitter_card":"summary_large_image","twitter_misc":{"Tiempo de lectura":"1 minuto"},"schema":{"@context":"https:\/\/schema.org","@graph":[{"@type":"WebPage","@id":"https:\/\/lifealnus.eu\/es\/","url":"https:\/\/lifealnus.eu\/es\/","name":"Life Alnus | El bosc del riu","isPartOf":{"@id":"https:\/\/lifealnus.eu\/#website"},"datePublished":"2014-07-09T21:26:36+00:00","dateModified":"2020-10-05T11:08:44+00:00","description":"Life Alnus El bosc del riu \u00e9s un projecte de conservaci\u00f3 de les vernedes mediterr\u00e0nies per invertir la regressi\u00f3 i degradaci\u00f3 d'aquest h\u00e0bitat de ribera. I per crear un model exportable a la resta de l'arc biogeogr\u00e0fic mediterrani.","breadcrumb":{"@id":"https:\/\/lifealnus.eu\/es\/#breadcrumb"},"inLanguage":"es","potentialAction":[{"@type":"ReadAction","target":["https:\/\/lifealnus.eu\/es\/"]}]},{"@type":"BreadcrumbList","@id":"https:\/\/lifealnus.eu\/es\/#breadcrumb","itemListElement":[{"@type":"ListItem","position":1,"name":"Inici","item":"https:\/\/lifealnus.eu\/es\/"},{"@type":"ListItem","position":2,"name":"Home"}]},{"@type":"WebSite","@id":"https:\/\/lifealnus.eu\/#website","url":"https:\/\/lifealnus.eu\/","name":"LIFE Alnus","description":"","potentialAction":[{"@type":"SearchAction","target":{"@type":"EntryPoint","urlTemplate":"https:\/\/lifealnus.eu\/?s={search_term_string}"},"query-input":{"@type":"PropertyValueSpecification","valueRequired":true,"valueName":"search_term_string"}}],"inLanguage":"es"}]}},"_links":{"self":[{"href":"https:\/\/lifealnus.eu\/es\/wp-json\/wp\/v2\/pages\/3708","targetHints":{"allow":["GET"]}}],"collection":[{"href":"https:\/\/lifealnus.eu\/es\/wp-json\/wp\/v2\/pages"}],"about":[{"href":"https:\/\/lifealnus.eu\/es\/wp-json\/wp\/v2\/types\/page"}],"author":[{"embeddable":true,"href":"https:\/\/lifealnus.eu\/es\/wp-json\/wp\/v2\/users\/1"}],"replies":[{"embeddable":true,"href":"https:\/\/lifealnus.eu\/es\/wp-json\/wp\/v2\/comments?post=3708"}],"version-history":[{"count":6,"href":"https:\/\/lifealnus.eu\/es\/wp-json\/wp\/v2\/pages\/3708\/revisions"}],"predecessor-version":[{"id":7531,"href":"https:\/\/lifealnus.eu\/es\/wp-json\/wp\/v2\/pages\/3708\/revisions\/7531"}],"wp:attachment":[{"href":"https:\/\/lifealnus.eu\/es\/wp-json\/wp\/v2\/media?parent=3708"}],"curies":[{"name":"wp","href":"https:\/\/api.w.org\/{rel}","templated":true}]}}