{"id":4316,"date":"2018-02-21T16:30:17","date_gmt":"2018-02-21T14:30:17","guid":{"rendered":"http:\/\/lifealnus.eu\/socis\/"},"modified":"2019-11-25T15:38:14","modified_gmt":"2019-11-25T13:38:14","slug":"partners","status":"publish","type":"page","link":"https:\/\/lifealnus.eu\/en\/partners\/","title":{"rendered":"Partners"},"content":{"rendered":"[vc_section full_width=&#8221;stretch_row&#8221; el_id=&#8221;socis-list&#8221; css=&#8221;.vc_custom_1520416475709{padding-top: 80px !important;padding-bottom: 100px !important;background-color: #fafafa !important;}&#8221;][vc_row css=&#8221;.vc_custom_1520416100172{border-top-width: 1px !important;border-bottom-width: 1px !important;border-top-color: #e0e0e0 !important;border-top-style: solid !important;border-bottom-color: #e0e0e0 !important;border-bottom-style: solid !important;}&#8221;][vc_column width=&#8221;1\/4&#8243;][vc_single_image image=&#8221;3898&#8243; img_size=&#8221;full&#8221; css=&#8221;.vc_custom_1520416413244{margin-top: 10px !important;}&#8221;][\/vc_column][vc_column width=&#8221;3\/4&#8243;][vc_column_text]\n<h2>Centre de Ci\u00e8ncia i Tecnologia Forestal de Catalunya (Coordinator)<\/h2>\n<p>The mission of the Centre de Ci\u00e8ncia i Tecnologia Forestal de Catalunya (CTFC) is to help modernise and improve the competitiveness of the forestry industry, as well as rural development and the sustainable management of the environment through research, training and the transfer of technology and knowledge to society. Within this mission, its work is aimed at resolving problems related to ecosystem management and the interaction of natural resources with society in order to improve the wealth and well-being of people and the sustainability of the natural environment in the face of global change. This approach focuses on returning the results of its work to society. The activities carried out by the Centre are divided into three programmes: Landscape dynamics and biodiversity, Multifunctional forestry management and Governance and bioeconomics of the rural environment, with their respective lines of research, training and transfer.<\/p>\n<p><a href=\"http:\/\/www.ctfc.cat\/en\" target=\"_blank\" rel=\"noopener\">www.ctfc.cat\/en<\/a>[\/vc_column_text][\/vc_column][\/vc_row][vc_row css=&#8221;.vc_custom_1520416196611{border-bottom-width: 1px !important;border-bottom-color: #e0e0e0 !important;border-bottom-style: solid !important;}&#8221;][vc_column width=&#8221;1\/4&#8243;][vc_single_image image=&#8221;3901&#8243; img_size=&#8221;full&#8221; css=&#8221;.vc_custom_1520416418587{margin-top: 10px !important;}&#8221;][\/vc_column][vc_column width=&#8221;3\/4&#8243;][vc_column_text]\n<h2>Centre d&#8217;Estudis dels Rius Mediterranis<\/h2>\n<p>The Centre d&#8217;Estudis dels Rius Mediterranis (CERM) is the environmental area of the Ter Museum whose aim is to study, promote and preserve the cultural and natural heritage of the River Ter and, by extension, other Mediterranean rivers.<\/p>\n<p>CERM&#8217;s main responsibilities are to safeguard and restore the ecology of fluvial systems (by reaching agreements with owners and councils), raising awareness and educating citizens about the environment (by training thousands of young people every year, ranging from infants to university students) and carrying out research into Mediterranean rivers, especially assessing their ecological status (riverbank vegetation, aquatic macroinvertebrates, fish, etc.) and providing solutions to improve the connectivity of rivers for fish.<\/p>\n<p>The Centre works and collaborates with universities and other institutions, primarily for the whole of Catalonia although it is also involved in some international projects.<\/p>\n<p><a href=\"http:\/\/mon.uvic.cat\/cerm\">http:\/\/mon.uvic.cat\/cerm<\/a>[\/vc_column_text][\/vc_column][\/vc_row][vc_row css=&#8221;.vc_custom_1520416201736{border-bottom-width: 1px !important;border-bottom-color: #e0e0e0 !important;border-bottom-style: solid !important;}&#8221;][vc_column width=&#8221;1\/4&#8243;][vc_single_image image=&#8221;3904&#8243; img_size=&#8221;full&#8221; css=&#8221;.vc_custom_1520416425985{margin-top: 10px !important;}&#8221;][\/vc_column][vc_column width=&#8221;3\/4&#8243;][vc_column_text]\n<h2>Granollers Council<\/h2>\n<p>Granollers Council is a local organisation with a long history in implementing environmental policies and carrying out projects to preserve the natural environment.<\/p>\n<p>In the past 20 years, Granollers has devoted particular attention to the ecological and social recovery of the River Congost, a vital part of the municipality and major green infrastructure on the Vall\u00e8s plain. A large number of projects have been carried out to recondition the River Congost, aiming to make the river as natural as possible and take advantage of the banks to create a large river park that combines social activities with actions to encourage biodiversity.<\/p>\n<p>This continual work has resulted in advanced management of the River Congost as it passes through Granollers. On the one hand, the river has become freed up and semi-natural on the outskirts of the town, between Pla de Palou and the natural area of Can Cabanyes, while the more urban section of the river, in the centre of the town, now has a naturalised low flow channel and a high flow channel of great scenic value, with optimised maintenance to ensure this functions as a river corridor.<\/p>\n<p>The most important actions carried out to restore the River Congost have been as follows:<br \/>\n\u2013 Improving connectivity in the Palou section by reducing and naturalising the containment wall to some extent<br \/>\n\u2013 The creation of habitats to recover the fauna and flora of the riverbank at Can Cabanyes<br \/>\n\u2013 Encouraging appropriate riverbank flora without altering the hydrological risks.<br \/>\n\u2013 Using bioengineering techniques to correct profiles and improve the ecological status of the areas next to the river<br \/>\n\u2013 Eliminating invasive species in the river and adjoining areas<\/p>\n<p><a href=\"http:\/\/www.granollers.cat\" target=\"_blank\" rel=\"noopener\">www.granollers.cat<\/a>[\/vc_column_text][\/vc_column][\/vc_row][vc_row css=&#8221;.vc_custom_1520416207643{border-bottom-width: 1px !important;border-bottom-color: #e0e0e0 !important;border-bottom-style: solid !important;}&#8221;][vc_column width=&#8221;1\/4&#8243;][vc_single_image image=&#8221;3907&#8243; img_size=&#8221;full&#8221; css=&#8221;.vc_custom_1520416432094{margin-top: 10px !important;}&#8221;][\/vc_column][vc_column width=&#8221;3\/4&#8243;][vc_column_text]\n<h2>Ag\u00e8ncia Catalana de l\u2019Aigua<\/h2>\n<p>The Ag\u00e8ncia Catalana de l&#8217;Aigua (ACA), which reports to the Ministry of Territory and Sustainability of the government of Catalonia, was created from a merger between the Sanitation Board and the Water Board as a public corporation responsible for planning and managing the complete water cycle in Catalonia.<\/p>\n<p>The ACA carries out its functions with an integrating approach to aquatic ecosystems, taking into account their equilibrium and based on the principles of effectiveness, efficiency and economy of costs. Its main areas of responsibility are as follows:<\/p>\n<p>\u2022 Fulfilling the Framework Directive for Water (<em>Directiva Marc de l\u2019Aigua <\/em>or DMA).<br \/>\n\u2022 Protecting the natural aquatic environment and authorising activities affecting this resource.<br \/>\n\u2022 Planning and organising the water supply and sanitation regarding Catalonia&#8217;s internal basins.<br \/>\n\u2022 Building and operating treatment plants.<br \/>\n\u2022 Drawing up flood risk studies.<br \/>\n\u2022 Carrying out inspections and their follow-up.<br \/>\n\u2022 Producing laws and decrees related to water.<\/p>\n<p><a href=\"http:\/\/aca-web.gencat.cat\" target=\"_blank\" rel=\"noopener\">http:\/\/aca.gencat.cat<\/a>[\/vc_column_text][\/vc_column][\/vc_row][vc_row css=&#8221;.vc_custom_1520416214473{border-bottom-width: 1px !important;border-bottom-color: #e0e0e0 !important;border-bottom-style: solid !important;}&#8221;][vc_column width=&#8221;1\/4&#8243;][vc_single_image image=&#8221;4518&#8243; img_size=&#8221;full&#8221; css=&#8221;.vc_custom_1527845301450{margin-top: 10px !important;}&#8221;][\/vc_column][vc_column width=&#8221;3\/4&#8243;][vc_column_text]\n<h2>MN Consultors<\/h2>\n<p>MN CONSULTORS EN CI\u00c8NCIES DE LA CONSERVACI\u00d3 is an independent company set up in 1998 to promote the conservation of Mediterranean ecosystems and their biological diversity.<\/p>\n<p>Working principally in the field of biology and civil engineering, its work concentrates on supplying knowledge and providing specialist research services, as well as technical, scientific and legal advice for authorities, government agencies and private companies.<\/p>\n<p>Its main specialist fields include river ecology, applied zoology and the conservation of natural flora and habitats, as well as the restoration of ecosystems through civil engineering.<\/p>\n<p>In recent years it has firmly established its reputation as the team working on the Iberian Peninsula with the greatest specialisation in the interconnection of hydrogeomorphological and hydrobiological sciences, as well as in resolving particularly complex restoration challenges related to geomorphological problems and morphodynamics. It is the team that has designed the largest number of fluvial restoration projects in the Mediterranean basins on the Iberian Peninsula in recent years.<\/p>\n<p><a href=\"http:\/\/www.mnconsultors.com\/home\/lang\/ca\" target=\"_blank\" rel=\"noopener\">www.mnconsultors.com<\/a>[\/vc_column_text][\/vc_column][\/vc_row][vc_row css=&#8221;.vc_custom_1520416218559{border-bottom-width: 1px !important;border-bottom-color: #e0e0e0 !important;border-bottom-style: solid !important;}&#8221;][vc_column width=&#8221;1\/4&#8243;][vc_single_image image=&#8221;3913&#8243; img_size=&#8221;full&#8221; css=&#8221;.vc_custom_1520416442855{margin-top: 10px !important;}&#8221;][\/vc_column][vc_column width=&#8221;3\/4&#8243;][vc_column_text]\n<h2>Fundaci\u00f3 Catalunya-la Pedrera<\/h2>\n<p>The Fundaci\u00f3 Catalunya-La Pedera is a non-profit organisation and one of its main aims is to preserve the natural heritage and countryside and to raise people&#8217;s awareness of the need to protect the environment.<\/p>\n<p>In this respect, the Foundation operates in three key areas:<\/p>\n<ol>\n<li>Acquiring land representing well-conserved natural areas and the subsequent management of this land in collaboration with conservationist organisations, other non-governmental organisations and public administrations.<\/li>\n<li>Collaborating in nature conservation projects carried out by other national institutions.<\/li>\n<li>The ongoing education of children, young people and also adults to encourage environmental values in our society.<\/li>\n<\/ol>\n<p>The Foundation currently helps to protect 4.5% of Catalonia and owns 26 areas of land. As a result, the Foundation is involved in sustainably managing a total of 144,096 hectares made up of property owned by the Foundation (acquired for conservationist purposes) as well as other public and\/or private properties where the Foundation has entered into an agreement with the owners to look after the estate.<\/p>\n<p><a href=\"http:\/\/fundaciocatalunya-lapedrera.com\" target=\"_blank\" rel=\"noopener\">fundaciocatalunya-lapedrera.com<\/a>[\/vc_column_text][\/vc_column][\/vc_row][\/vc_section][vc_row][vc_column width=&#8221;1\/4&#8243;][vc_empty_space height=&#8221;45px&#8221;][vc_empty_space height=&#8221;45px&#8221;][vc_column_text]\n<h2>Collaborators:<\/h2>\n[\/vc_column_text][\/vc_column][vc_column width=&#8221;1\/4&#8243;][vc_empty_space height=&#8221;45px&#8221;][vc_single_image image=&#8221;6602&#8243; img_size=&#8221;100&#215;100&#8243; onclick=&#8221;custom_link&#8221; link=&#8221;https:\/\/besos-tordera.cat\/&#8221;][\/vc_column][vc_column width=&#8221;1\/4&#8243;][vc_single_image image=&#8221;6606&#8243; img_size=&#8221;200&#215;200&#8243; onclick=&#8221;custom_link&#8221; link=&#8221;https:\/\/www.consorcidelter.cat\/&#8221;][\/vc_column][vc_column width=&#8221;1\/4&#8243;][\/vc_column][\/vc_row]\n","protected":false},"excerpt":{"rendered":"<p>[vc_section full_width=&#8221;stretch_row&#8221; el_id=&#8221;socis-list&#8221; css=&#8221;.vc_custom_1520416475709{padding-top: 80px !important;padding-bottom: 100px !important;background-color: #fafafa !important;}&#8221;][vc_row css=&#8221;.vc_custom_1520416100172{border-top-width: 1px !important;border-bottom-width: 1px !important;border-top-color: #e0e0e0 !important;border-top-style: solid !important;border-bottom-color: #e0e0e0 !important;border-bottom-style: solid !important;}&#8221;][vc_column width=&#8221;1\/4&#8243;][vc_single_image image=&#8221;3898&#8243; img_size=&#8221;full&#8221; css=&#8221;.vc_custom_1520416413244{margin-top: 10px !important;}&#8221;][\/vc_column][vc_column width=&#8221;3\/4&#8243;][vc_column_text] Centre de Ci\u00e8ncia i Tecnologia Forestal de Catalunya (Coordinator) The mission of the Centre de Ci\u00e8ncia i Tecnologia Forestal de Catalunya (CTFC) is to help [&hellip;]<\/p>\n","protected":false},"author":1,"featured_media":0,"parent":0,"menu_order":0,"comment_status":"closed","ping_status":"closed","template":"","meta":{"_acf_changed":false,"footnotes":"","_links_to":"","_links_to_target":""},"class_list":["post-4316","page","type-page","status-publish","hentry"],"acf":[],"yoast_head":"<!-- This site is optimized with the Yoast SEO plugin v27.2 - https:\/\/yoast.com\/product\/yoast-seo-wordpress\/ -->\n<title>Life Alnus: el bosc del riu | Entitats i socis del projecte<\/title>\n<meta name=\"description\" content=\"El Centre Tecnol\u00f2gic Forestal en Ci\u00e8ncies de la Conservaci\u00f3, l&#039;Ag\u00e8ncia Catalana de l&#039;Aigua, el Centre d&#039;Estudis dels Rius Mediterranis, MN Consultors en Ci\u00e8ncies de la Conservaci\u00f3, l&#039;Ajuntament de Granollers, la Fundaci\u00f3 Catalunya La Pedrera, i els programes Life i Natura 2000, s\u00f3n els socis del projecte\" \/>\n<meta name=\"robots\" content=\"index, follow, max-snippet:-1, max-image-preview:large, max-video-preview:-1\" \/>\n<link rel=\"canonical\" href=\"https:\/\/lifealnus.eu\/en\/partners\/\" \/>\n<meta property=\"og:locale\" content=\"en_US\" \/>\n<meta property=\"og:type\" content=\"article\" \/>\n<meta property=\"og:title\" content=\"Life Alnus: el bosc del riu | Entitats i socis del projecte\" \/>\n<meta property=\"og:description\" content=\"El Centre Tecnol\u00f2gic Forestal en Ci\u00e8ncies de la Conservaci\u00f3, l&#039;Ag\u00e8ncia Catalana de l&#039;Aigua, el Centre d&#039;Estudis dels Rius Mediterranis, MN Consultors en Ci\u00e8ncies de la Conservaci\u00f3, l&#039;Ajuntament de Granollers, la Fundaci\u00f3 Catalunya La Pedrera, i els programes Life i Natura 2000, s\u00f3n els socis del projecte\" \/>\n<meta property=\"og:url\" content=\"https:\/\/lifealnus.eu\/en\/partners\/\" \/>\n<meta property=\"og:site_name\" content=\"LIFE Alnus\" \/>\n<meta property=\"article:modified_time\" content=\"2019-11-25T13:38:14+00:00\" \/>\n<meta name=\"twitter:card\" content=\"summary_large_image\" \/>\n<meta name=\"twitter:label1\" content=\"Est. reading time\" \/>\n\t<meta name=\"twitter:data1\" content=\"7 minutes\" \/>\n<script type=\"application\/ld+json\" class=\"yoast-schema-graph\">{\"@context\":\"https:\/\/schema.org\",\"@graph\":[{\"@type\":\"WebPage\",\"@id\":\"https:\/\/lifealnus.eu\/en\/partners\/\",\"url\":\"https:\/\/lifealnus.eu\/en\/partners\/\",\"name\":\"Life Alnus: el bosc del riu | Entitats i socis del projecte\",\"isPartOf\":{\"@id\":\"https:\/\/lifealnus.eu\/#website\"},\"datePublished\":\"2018-02-21T14:30:17+00:00\",\"dateModified\":\"2019-11-25T13:38:14+00:00\",\"description\":\"El Centre Tecnol\u00f2gic Forestal en Ci\u00e8ncies de la Conservaci\u00f3, l'Ag\u00e8ncia Catalana de l'Aigua, el Centre d'Estudis dels Rius Mediterranis, MN Consultors en Ci\u00e8ncies de la Conservaci\u00f3, l'Ajuntament de Granollers, la Fundaci\u00f3 Catalunya La Pedrera, i els programes Life i Natura 2000, s\u00f3n els socis del projecte\",\"breadcrumb\":{\"@id\":\"https:\/\/lifealnus.eu\/en\/partners\/#breadcrumb\"},\"inLanguage\":\"en-US\",\"potentialAction\":[{\"@type\":\"ReadAction\",\"target\":[\"https:\/\/lifealnus.eu\/en\/partners\/\"]}]},{\"@type\":\"BreadcrumbList\",\"@id\":\"https:\/\/lifealnus.eu\/en\/partners\/#breadcrumb\",\"itemListElement\":[{\"@type\":\"ListItem\",\"position\":1,\"name\":\"Inici\",\"item\":\"https:\/\/lifealnus.eu\/en\/homepage\/\"},{\"@type\":\"ListItem\",\"position\":2,\"name\":\"Partners\"}]},{\"@type\":\"WebSite\",\"@id\":\"https:\/\/lifealnus.eu\/#website\",\"url\":\"https:\/\/lifealnus.eu\/\",\"name\":\"LIFE Alnus\",\"description\":\"\",\"potentialAction\":[{\"@type\":\"SearchAction\",\"target\":{\"@type\":\"EntryPoint\",\"urlTemplate\":\"https:\/\/lifealnus.eu\/?s={search_term_string}\"},\"query-input\":{\"@type\":\"PropertyValueSpecification\",\"valueRequired\":true,\"valueName\":\"search_term_string\"}}],\"inLanguage\":\"en-US\"}]}<\/script>\n<!-- \/ Yoast SEO plugin. -->","yoast_head_json":{"title":"Life Alnus: el bosc del riu | Entitats i socis del projecte","description":"El Centre Tecnol\u00f2gic Forestal en Ci\u00e8ncies de la Conservaci\u00f3, l'Ag\u00e8ncia Catalana de l'Aigua, el Centre d'Estudis dels Rius Mediterranis, MN Consultors en Ci\u00e8ncies de la Conservaci\u00f3, l'Ajuntament de Granollers, la Fundaci\u00f3 Catalunya La Pedrera, i els programes Life i Natura 2000, s\u00f3n els socis del projecte","robots":{"index":"index","follow":"follow","max-snippet":"max-snippet:-1","max-image-preview":"max-image-preview:large","max-video-preview":"max-video-preview:-1"},"canonical":"https:\/\/lifealnus.eu\/en\/partners\/","og_locale":"en_US","og_type":"article","og_title":"Life Alnus: el bosc del riu | Entitats i socis del projecte","og_description":"El Centre Tecnol\u00f2gic Forestal en Ci\u00e8ncies de la Conservaci\u00f3, l'Ag\u00e8ncia Catalana de l'Aigua, el Centre d'Estudis dels Rius Mediterranis, MN Consultors en Ci\u00e8ncies de la Conservaci\u00f3, l'Ajuntament de Granollers, la Fundaci\u00f3 Catalunya La Pedrera, i els programes Life i Natura 2000, s\u00f3n els socis del projecte","og_url":"https:\/\/lifealnus.eu\/en\/partners\/","og_site_name":"LIFE Alnus","article_modified_time":"2019-11-25T13:38:14+00:00","twitter_card":"summary_large_image","twitter_misc":{"Est. reading time":"7 minutes"},"schema":{"@context":"https:\/\/schema.org","@graph":[{"@type":"WebPage","@id":"https:\/\/lifealnus.eu\/en\/partners\/","url":"https:\/\/lifealnus.eu\/en\/partners\/","name":"Life Alnus: el bosc del riu | Entitats i socis del projecte","isPartOf":{"@id":"https:\/\/lifealnus.eu\/#website"},"datePublished":"2018-02-21T14:30:17+00:00","dateModified":"2019-11-25T13:38:14+00:00","description":"El Centre Tecnol\u00f2gic Forestal en Ci\u00e8ncies de la Conservaci\u00f3, l'Ag\u00e8ncia Catalana de l'Aigua, el Centre d'Estudis dels Rius Mediterranis, MN Consultors en Ci\u00e8ncies de la Conservaci\u00f3, l'Ajuntament de Granollers, la Fundaci\u00f3 Catalunya La Pedrera, i els programes Life i Natura 2000, s\u00f3n els socis del projecte","breadcrumb":{"@id":"https:\/\/lifealnus.eu\/en\/partners\/#breadcrumb"},"inLanguage":"en-US","potentialAction":[{"@type":"ReadAction","target":["https:\/\/lifealnus.eu\/en\/partners\/"]}]},{"@type":"BreadcrumbList","@id":"https:\/\/lifealnus.eu\/en\/partners\/#breadcrumb","itemListElement":[{"@type":"ListItem","position":1,"name":"Inici","item":"https:\/\/lifealnus.eu\/en\/homepage\/"},{"@type":"ListItem","position":2,"name":"Partners"}]},{"@type":"WebSite","@id":"https:\/\/lifealnus.eu\/#website","url":"https:\/\/lifealnus.eu\/","name":"LIFE Alnus","description":"","potentialAction":[{"@type":"SearchAction","target":{"@type":"EntryPoint","urlTemplate":"https:\/\/lifealnus.eu\/?s={search_term_string}"},"query-input":{"@type":"PropertyValueSpecification","valueRequired":true,"valueName":"search_term_string"}}],"inLanguage":"en-US"}]}},"_links":{"self":[{"href":"https:\/\/lifealnus.eu\/en\/wp-json\/wp\/v2\/pages\/4316","targetHints":{"allow":["GET"]}}],"collection":[{"href":"https:\/\/lifealnus.eu\/en\/wp-json\/wp\/v2\/pages"}],"about":[{"href":"https:\/\/lifealnus.eu\/en\/wp-json\/wp\/v2\/types\/page"}],"author":[{"embeddable":true,"href":"https:\/\/lifealnus.eu\/en\/wp-json\/wp\/v2\/users\/1"}],"replies":[{"embeddable":true,"href":"https:\/\/lifealnus.eu\/en\/wp-json\/wp\/v2\/comments?post=4316"}],"version-history":[{"count":5,"href":"https:\/\/lifealnus.eu\/en\/wp-json\/wp\/v2\/pages\/4316\/revisions"}],"predecessor-version":[{"id":6649,"href":"https:\/\/lifealnus.eu\/en\/wp-json\/wp\/v2\/pages\/4316\/revisions\/6649"}],"wp:attachment":[{"href":"https:\/\/lifealnus.eu\/en\/wp-json\/wp\/v2\/media?parent=4316"}],"curies":[{"name":"wp","href":"https:\/\/api.w.org\/{rel}","templated":true}]}}