{"id":4308,"date":"2018-03-13T09:45:33","date_gmt":"2018-03-13T07:45:33","guid":{"rendered":"http:\/\/lifealnus.eu\/videos\/"},"modified":"2019-05-08T12:20:40","modified_gmt":"2019-05-08T10:20:40","slug":"videos","status":"publish","type":"page","link":"https:\/\/lifealnus.eu\/en\/resources\/videos\/","title":{"rendered":"Videos"},"content":{"rendered":"[vc_row full_width=&#8221;stretch_row&#8221;][vc_column width=&#8221;1\/2&#8243;][vc_video link=&#8221;https:\/\/youtu.be\/6l3kBKvzm-Y?list=PLh4PodO3XhlrOP0y3gzezAdxYaUpN_PAY&amp;t=330&#8243; el_width=&#8221;70&#8243; title=&#8221;8 AL DIA TV Interview to Marc Ordeix and Jordi Camprodon&#8221;][\/vc_column][vc_column width=&#8221;1\/2&#8243;][\/vc_column][\/vc_row]\n","protected":false},"excerpt":{"rendered":"<p>[vc_row full_width=&#8221;stretch_row&#8221;][vc_column width=&#8221;1\/2&#8243;][vc_video link=&#8221;https:\/\/youtu.be\/6l3kBKvzm-Y?list=PLh4PodO3XhlrOP0y3gzezAdxYaUpN_PAY&amp;t=330&#8243; el_width=&#8221;70&#8243; title=&#8221;8 AL DIA TV Interview to Marc Ordeix and Jordi Camprodon&#8221;][\/vc_column][vc_column width=&#8221;1\/2&#8243;][\/vc_column][\/vc_row]<\/p>\n","protected":false},"author":1,"featured_media":0,"parent":4314,"menu_order":0,"comment_status":"closed","ping_status":"closed","template":"","meta":{"_acf_changed":false,"footnotes":"","_links_to":"","_links_to_target":""},"class_list":["post-4308","page","type-page","status-publish","hentry"],"acf":[],"yoast_head":"<!-- This site is optimized with the Yoast SEO plugin v27.2 - https:\/\/yoast.com\/product\/yoast-seo-wordpress\/ -->\n<title>Life Alnus: el bosc del riu | Entitats i socis del projecte<\/title>\n<meta name=\"description\" content=\"El Centre Tecnol\u00f2gic Forestal en Ci\u00e8ncies de la Conservaci\u00f3, l&#039;Ag\u00e8ncia Catalana de l&#039;Aigua, el Centre d&#039;Estudis dels Rius Mediterranis, MN Consultors en Ci\u00e8ncies de la Conservaci\u00f3, l&#039;Ajuntament de Granollers, la Fundaci\u00f3 Catalunya La Pedrera, i els programes Life i Natura 2000, s\u00f3n els socis del projecte\" \/>\n<meta name=\"robots\" content=\"index, follow, max-snippet:-1, max-image-preview:large, max-video-preview:-1\" \/>\n<link rel=\"canonical\" href=\"https:\/\/lifealnus.eu\/en\/resources\/videos\/\" \/>\n<meta property=\"og:locale\" content=\"en_US\" \/>\n<meta property=\"og:type\" content=\"article\" \/>\n<meta property=\"og:title\" content=\"Life Alnus: el bosc del riu | Entitats i socis del projecte\" \/>\n<meta property=\"og:description\" content=\"El Centre Tecnol\u00f2gic Forestal en Ci\u00e8ncies de la Conservaci\u00f3, l&#039;Ag\u00e8ncia Catalana de l&#039;Aigua, el Centre d&#039;Estudis dels Rius Mediterranis, MN Consultors en Ci\u00e8ncies de la Conservaci\u00f3, l&#039;Ajuntament de Granollers, la Fundaci\u00f3 Catalunya La Pedrera, i els programes Life i Natura 2000, s\u00f3n els socis del projecte\" \/>\n<meta property=\"og:url\" content=\"https:\/\/lifealnus.eu\/en\/resources\/videos\/\" \/>\n<meta property=\"og:site_name\" content=\"LIFE Alnus\" \/>\n<meta property=\"article:modified_time\" content=\"2019-05-08T10:20:40+00:00\" \/>\n<meta name=\"twitter:card\" content=\"summary_large_image\" \/>\n<script type=\"application\/ld+json\" class=\"yoast-schema-graph\">{\"@context\":\"https:\/\/schema.org\",\"@graph\":[{\"@type\":\"WebPage\",\"@id\":\"https:\/\/lifealnus.eu\/en\/resources\/videos\/\",\"url\":\"https:\/\/lifealnus.eu\/en\/resources\/videos\/\",\"name\":\"Life Alnus: el bosc del riu | Entitats i socis del projecte\",\"isPartOf\":{\"@id\":\"https:\/\/lifealnus.eu\/#website\"},\"datePublished\":\"2018-03-13T07:45:33+00:00\",\"dateModified\":\"2019-05-08T10:20:40+00:00\",\"description\":\"El Centre Tecnol\u00f2gic Forestal en Ci\u00e8ncies de la Conservaci\u00f3, l'Ag\u00e8ncia Catalana de l'Aigua, el Centre d'Estudis dels Rius Mediterranis, MN Consultors en Ci\u00e8ncies de la Conservaci\u00f3, l'Ajuntament de Granollers, la Fundaci\u00f3 Catalunya La Pedrera, i els programes Life i Natura 2000, s\u00f3n els socis del projecte\",\"breadcrumb\":{\"@id\":\"https:\/\/lifealnus.eu\/en\/resources\/videos\/#breadcrumb\"},\"inLanguage\":\"en-US\",\"potentialAction\":[{\"@type\":\"ReadAction\",\"target\":[\"https:\/\/lifealnus.eu\/en\/resources\/videos\/\"]}]},{\"@type\":\"BreadcrumbList\",\"@id\":\"https:\/\/lifealnus.eu\/en\/resources\/videos\/#breadcrumb\",\"itemListElement\":[{\"@type\":\"ListItem\",\"position\":1,\"name\":\"Inici\",\"item\":\"https:\/\/lifealnus.eu\/en\/homepage\/\"},{\"@type\":\"ListItem\",\"position\":2,\"name\":\"Resources\",\"item\":\"https:\/\/lifealnus.eu\/en\/resources\/\"},{\"@type\":\"ListItem\",\"position\":3,\"name\":\"Videos\"}]},{\"@type\":\"WebSite\",\"@id\":\"https:\/\/lifealnus.eu\/#website\",\"url\":\"https:\/\/lifealnus.eu\/\",\"name\":\"LIFE Alnus\",\"description\":\"\",\"potentialAction\":[{\"@type\":\"SearchAction\",\"target\":{\"@type\":\"EntryPoint\",\"urlTemplate\":\"https:\/\/lifealnus.eu\/?s={search_term_string}\"},\"query-input\":{\"@type\":\"PropertyValueSpecification\",\"valueRequired\":true,\"valueName\":\"search_term_string\"}}],\"inLanguage\":\"en-US\"}]}<\/script>\n<!-- \/ Yoast SEO plugin. -->","yoast_head_json":{"title":"Life Alnus: el bosc del riu | Entitats i socis del projecte","description":"El Centre Tecnol\u00f2gic Forestal en Ci\u00e8ncies de la Conservaci\u00f3, l'Ag\u00e8ncia Catalana de l'Aigua, el Centre d'Estudis dels Rius Mediterranis, MN Consultors en Ci\u00e8ncies de la Conservaci\u00f3, l'Ajuntament de Granollers, la Fundaci\u00f3 Catalunya La Pedrera, i els programes Life i Natura 2000, s\u00f3n els socis del projecte","robots":{"index":"index","follow":"follow","max-snippet":"max-snippet:-1","max-image-preview":"max-image-preview:large","max-video-preview":"max-video-preview:-1"},"canonical":"https:\/\/lifealnus.eu\/en\/resources\/videos\/","og_locale":"en_US","og_type":"article","og_title":"Life Alnus: el bosc del riu | Entitats i socis del projecte","og_description":"El Centre Tecnol\u00f2gic Forestal en Ci\u00e8ncies de la Conservaci\u00f3, l'Ag\u00e8ncia Catalana de l'Aigua, el Centre d'Estudis dels Rius Mediterranis, MN Consultors en Ci\u00e8ncies de la Conservaci\u00f3, l'Ajuntament de Granollers, la Fundaci\u00f3 Catalunya La Pedrera, i els programes Life i Natura 2000, s\u00f3n els socis del projecte","og_url":"https:\/\/lifealnus.eu\/en\/resources\/videos\/","og_site_name":"LIFE Alnus","article_modified_time":"2019-05-08T10:20:40+00:00","twitter_card":"summary_large_image","schema":{"@context":"https:\/\/schema.org","@graph":[{"@type":"WebPage","@id":"https:\/\/lifealnus.eu\/en\/resources\/videos\/","url":"https:\/\/lifealnus.eu\/en\/resources\/videos\/","name":"Life Alnus: el bosc del riu | Entitats i socis del projecte","isPartOf":{"@id":"https:\/\/lifealnus.eu\/#website"},"datePublished":"2018-03-13T07:45:33+00:00","dateModified":"2019-05-08T10:20:40+00:00","description":"El Centre Tecnol\u00f2gic Forestal en Ci\u00e8ncies de la Conservaci\u00f3, l'Ag\u00e8ncia Catalana de l'Aigua, el Centre d'Estudis dels Rius Mediterranis, MN Consultors en Ci\u00e8ncies de la Conservaci\u00f3, l'Ajuntament de Granollers, la Fundaci\u00f3 Catalunya La Pedrera, i els programes Life i Natura 2000, s\u00f3n els socis del projecte","breadcrumb":{"@id":"https:\/\/lifealnus.eu\/en\/resources\/videos\/#breadcrumb"},"inLanguage":"en-US","potentialAction":[{"@type":"ReadAction","target":["https:\/\/lifealnus.eu\/en\/resources\/videos\/"]}]},{"@type":"BreadcrumbList","@id":"https:\/\/lifealnus.eu\/en\/resources\/videos\/#breadcrumb","itemListElement":[{"@type":"ListItem","position":1,"name":"Inici","item":"https:\/\/lifealnus.eu\/en\/homepage\/"},{"@type":"ListItem","position":2,"name":"Resources","item":"https:\/\/lifealnus.eu\/en\/resources\/"},{"@type":"ListItem","position":3,"name":"Videos"}]},{"@type":"WebSite","@id":"https:\/\/lifealnus.eu\/#website","url":"https:\/\/lifealnus.eu\/","name":"LIFE Alnus","description":"","potentialAction":[{"@type":"SearchAction","target":{"@type":"EntryPoint","urlTemplate":"https:\/\/lifealnus.eu\/?s={search_term_string}"},"query-input":{"@type":"PropertyValueSpecification","valueRequired":true,"valueName":"search_term_string"}}],"inLanguage":"en-US"}]}},"_links":{"self":[{"href":"https:\/\/lifealnus.eu\/en\/wp-json\/wp\/v2\/pages\/4308","targetHints":{"allow":["GET"]}}],"collection":[{"href":"https:\/\/lifealnus.eu\/en\/wp-json\/wp\/v2\/pages"}],"about":[{"href":"https:\/\/lifealnus.eu\/en\/wp-json\/wp\/v2\/types\/page"}],"author":[{"embeddable":true,"href":"https:\/\/lifealnus.eu\/en\/wp-json\/wp\/v2\/users\/1"}],"replies":[{"embeddable":true,"href":"https:\/\/lifealnus.eu\/en\/wp-json\/wp\/v2\/comments?post=4308"}],"version-history":[{"count":5,"href":"https:\/\/lifealnus.eu\/en\/wp-json\/wp\/v2\/pages\/4308\/revisions"}],"predecessor-version":[{"id":5429,"href":"https:\/\/lifealnus.eu\/en\/wp-json\/wp\/v2\/pages\/4308\/revisions\/5429"}],"up":[{"embeddable":true,"href":"https:\/\/lifealnus.eu\/en\/wp-json\/wp\/v2\/pages\/4314"}],"wp:attachment":[{"href":"https:\/\/lifealnus.eu\/en\/wp-json\/wp\/v2\/media?parent=4308"}],"curies":[{"name":"wp","href":"https:\/\/api.w.org\/{rel}","templated":true}]}}