{"id":3707,"date":"2014-07-09T21:26:36","date_gmt":"2014-07-09T21:26:36","guid":{"rendered":"http:\/\/lifealnus.eu\/homepage\/"},"modified":"2022-06-01T12:25:29","modified_gmt":"2022-06-01T10:25:29","slug":"homepage","status":"publish","type":"page","link":"https:\/\/lifealnus.eu\/en\/","title":{"rendered":"Home"},"content":{"rendered":"[vc_row][vc_column][vc_empty_space][vc_row_inner][vc_column_inner width=&#8221;1\/3&#8243;][vc_single_image image=&#8221;6522&#8243; img_size=&#8221;full&#8221; style=&#8221;vc_box_shadow_3d&#8221; onclick=&#8221;custom_link&#8221; css=&#8221;.vc_custom_1601896045218{margin-bottom: 10px !important;}&#8221; link=&#8221; http:%2F%2Flifealnus.eu%2Fprojecte%2F%23accions|&#8221;][vc_column_text]\n<h4 style=\"text-align: center;\"><a href=\"http:\/\/lifealnus.eu\/projecte\/#accions\">Accions<\/a><\/h4>\n[\/vc_column_text][\/vc_column_inner][vc_column_inner width=&#8221;1\/3&#8243;][vc_single_image image=&#8221;7052&#8243; img_size=&#8221;full&#8221; style=&#8221;vc_box_shadow_3d&#8221; onclick=&#8221;custom_link&#8221; css=&#8221;.vc_custom_1601896013775{margin-bottom: 10px !important;}&#8221; link=&#8221; http:%2F%2Flifealnus.eu%2Faca-smarty-planet%2F|&#8221;][vc_column_text]\n<h4 style=\"text-align: center;\"><a href=\"http:\/\/lifealnus.eu\/aca-smarty-planet\/\">Dades en directe dels sensors de cabal<\/a><\/h4>\n[\/vc_column_text][\/vc_column_inner][vc_column_inner width=&#8221;1\/3&#8243;][vc_single_image image=&#8221;6515&#8243; img_size=&#8221;large&#8221; alignment=&#8221;center&#8221; style=&#8221;vc_box_shadow_3d&#8221; onclick=&#8221;custom_link&#8221; css=&#8221;.vc_custom_1575387829865{margin-bottom: 10px !important;}&#8221; link=&#8221; http:%2F%2Flifealnus.eu%2Fnewsletter-cat%2F|&#8221;][vc_column_text]\n<p style=\"text-align: center;\"><strong><a href=\"http:\/\/lifealnus.eu\/newsletter-cat\/\" target=\"_blank\" rel=\"noopener\">Butllet\u00ed<\/a><\/strong><\/p>\n[\/vc_column_text][\/vc_column_inner][\/vc_row_inner][vc_row_inner][vc_column_inner][vc_video link=&#8221;https:\/\/www.youtube.com\/watch?v=U6KbVUraayk&#8221; el_width=&#8221;70&#8243; align=&#8221;center&#8221; css_animation=&#8221;appear&#8221;][\/vc_column_inner][\/vc_row_inner][\/vc_column][\/vc_row][vc_section full_width=&#8221;stretch_row&#8221; css=&#8221;.vc_custom_1518626250258{background-color: #ffffff !important;}&#8221;][vc_row][vc_column][vc_column_text el_class=&#8221;fs13&#8243;]\n","protected":false},"excerpt":{"rendered":"<p>[vc_row][vc_column][vc_empty_space][vc_row_inner][vc_column_inner width=&#8221;1\/3&#8243;][vc_single_image image=&#8221;6522&#8243; img_size=&#8221;full&#8221; style=&#8221;vc_box_shadow_3d&#8221; onclick=&#8221;custom_link&#8221; css=&#8221;.vc_custom_1601896045218{margin-bottom: 10px !important;}&#8221; link=&#8221; http:%2F%2Flifealnus.eu%2Fprojecte%2F%23accions|&#8221;][vc_column_text] Accions [\/vc_column_text][\/vc_column_inner][vc_column_inner width=&#8221;1\/3&#8243;][vc_single_image image=&#8221;7052&#8243; img_size=&#8221;full&#8221; style=&#8221;vc_box_shadow_3d&#8221; onclick=&#8221;custom_link&#8221; css=&#8221;.vc_custom_1601896013775{margin-bottom: 10px !important;}&#8221; link=&#8221; http:%2F%2Flifealnus.eu%2Faca-smarty-planet%2F|&#8221;][vc_column_text] Dades en directe dels sensors de cabal [\/vc_column_text][\/vc_column_inner][vc_column_inner width=&#8221;1\/3&#8243;][vc_single_image image=&#8221;6515&#8243; img_size=&#8221;large&#8221; alignment=&#8221;center&#8221; style=&#8221;vc_box_shadow_3d&#8221; onclick=&#8221;custom_link&#8221; css=&#8221;.vc_custom_1575387829865{margin-bottom: 10px !important;}&#8221; link=&#8221; http:%2F%2Flifealnus.eu%2Fnewsletter-cat%2F|&#8221;][vc_column_text] Butllet\u00ed [\/vc_column_text][\/vc_column_inner][\/vc_row_inner][vc_row_inner][vc_column_inner][vc_video link=&#8221;https:\/\/www.youtube.com\/watch?v=U6KbVUraayk&#8221; el_width=&#8221;70&#8243; align=&#8221;center&#8221; css_animation=&#8221;appear&#8221;][\/vc_column_inner][\/vc_row_inner][\/vc_column][\/vc_row][vc_section full_width=&#8221;stretch_row&#8221; css=&#8221;.vc_custom_1518626250258{background-color: #ffffff !important;}&#8221;][vc_row][vc_column][vc_column_text el_class=&#8221;fs13&#8243;]<\/p>\n","protected":false},"author":1,"featured_media":0,"parent":0,"menu_order":0,"comment_status":"closed","ping_status":"closed","template":"","meta":{"_acf_changed":false,"footnotes":"","_links_to":"","_links_to_target":""},"class_list":["post-3707","page","type-page","status-publish","hentry"],"acf":[],"yoast_head":"<!-- This site is optimized with the Yoast SEO plugin v27.2 - https:\/\/yoast.com\/product\/yoast-seo-wordpress\/ -->\n<title>Life Alnus | El bosc del riu<\/title>\n<meta name=\"description\" content=\"Life Alnus El bosc del riu \u00e9s un projecte de conservaci\u00f3 de les vernedes mediterr\u00e0nies per invertir la regressi\u00f3 i degradaci\u00f3 d&#039;aquest h\u00e0bitat de ribera. I per crear un model exportable a la resta de l&#039;arc biogeogr\u00e0fic mediterrani.\" \/>\n<meta name=\"robots\" content=\"index, follow, max-snippet:-1, max-image-preview:large, max-video-preview:-1\" \/>\n<link rel=\"canonical\" href=\"https:\/\/lifealnus.eu\/en\/homepage\/\" \/>\n<meta property=\"og:locale\" content=\"en_US\" \/>\n<meta property=\"og:type\" content=\"article\" \/>\n<meta property=\"og:title\" content=\"Life Alnus | El bosc del riu\" \/>\n<meta property=\"og:description\" content=\"Life Alnus El bosc del riu \u00e9s un projecte de conservaci\u00f3 de les vernedes mediterr\u00e0nies per invertir la regressi\u00f3 i degradaci\u00f3 d&#039;aquest h\u00e0bitat de ribera. I per crear un model exportable a la resta de l&#039;arc biogeogr\u00e0fic mediterrani.\" \/>\n<meta property=\"og:url\" content=\"https:\/\/lifealnus.eu\/en\/homepage\/\" \/>\n<meta property=\"og:site_name\" content=\"LIFE Alnus\" \/>\n<meta property=\"article:modified_time\" content=\"2022-06-01T10:25:29+00:00\" \/>\n<meta name=\"twitter:card\" content=\"summary_large_image\" \/>\n<meta name=\"twitter:label1\" content=\"Est. reading time\" \/>\n\t<meta name=\"twitter:data1\" content=\"1 minute\" \/>\n<script type=\"application\/ld+json\" class=\"yoast-schema-graph\">{\"@context\":\"https:\/\/schema.org\",\"@graph\":[{\"@type\":\"WebPage\",\"@id\":\"https:\/\/lifealnus.eu\/en\/homepage\/\",\"url\":\"https:\/\/lifealnus.eu\/en\/homepage\/\",\"name\":\"Life Alnus | El bosc del riu\",\"isPartOf\":{\"@id\":\"https:\/\/lifealnus.eu\/#website\"},\"datePublished\":\"2014-07-09T21:26:36+00:00\",\"dateModified\":\"2022-06-01T10:25:29+00:00\",\"description\":\"Life Alnus El bosc del riu \u00e9s un projecte de conservaci\u00f3 de les vernedes mediterr\u00e0nies per invertir la regressi\u00f3 i degradaci\u00f3 d'aquest h\u00e0bitat de ribera. I per crear un model exportable a la resta de l'arc biogeogr\u00e0fic mediterrani.\",\"breadcrumb\":{\"@id\":\"https:\/\/lifealnus.eu\/en\/homepage\/#breadcrumb\"},\"inLanguage\":\"en-US\",\"potentialAction\":[{\"@type\":\"ReadAction\",\"target\":[\"https:\/\/lifealnus.eu\/en\/homepage\/\"]}]},{\"@type\":\"BreadcrumbList\",\"@id\":\"https:\/\/lifealnus.eu\/en\/homepage\/#breadcrumb\",\"itemListElement\":[{\"@type\":\"ListItem\",\"position\":1,\"name\":\"Inici\",\"item\":\"https:\/\/lifealnus.eu\/en\/homepage\/\"},{\"@type\":\"ListItem\",\"position\":2,\"name\":\"Home\"}]},{\"@type\":\"WebSite\",\"@id\":\"https:\/\/lifealnus.eu\/#website\",\"url\":\"https:\/\/lifealnus.eu\/\",\"name\":\"LIFE Alnus\",\"description\":\"\",\"potentialAction\":[{\"@type\":\"SearchAction\",\"target\":{\"@type\":\"EntryPoint\",\"urlTemplate\":\"https:\/\/lifealnus.eu\/?s={search_term_string}\"},\"query-input\":{\"@type\":\"PropertyValueSpecification\",\"valueRequired\":true,\"valueName\":\"search_term_string\"}}],\"inLanguage\":\"en-US\"}]}<\/script>\n<!-- \/ Yoast SEO plugin. -->","yoast_head_json":{"title":"Life Alnus | El bosc del riu","description":"Life Alnus El bosc del riu \u00e9s un projecte de conservaci\u00f3 de les vernedes mediterr\u00e0nies per invertir la regressi\u00f3 i degradaci\u00f3 d'aquest h\u00e0bitat de ribera. I per crear un model exportable a la resta de l'arc biogeogr\u00e0fic mediterrani.","robots":{"index":"index","follow":"follow","max-snippet":"max-snippet:-1","max-image-preview":"max-image-preview:large","max-video-preview":"max-video-preview:-1"},"canonical":"https:\/\/lifealnus.eu\/en\/homepage\/","og_locale":"en_US","og_type":"article","og_title":"Life Alnus | El bosc del riu","og_description":"Life Alnus El bosc del riu \u00e9s un projecte de conservaci\u00f3 de les vernedes mediterr\u00e0nies per invertir la regressi\u00f3 i degradaci\u00f3 d'aquest h\u00e0bitat de ribera. I per crear un model exportable a la resta de l'arc biogeogr\u00e0fic mediterrani.","og_url":"https:\/\/lifealnus.eu\/en\/homepage\/","og_site_name":"LIFE Alnus","article_modified_time":"2022-06-01T10:25:29+00:00","twitter_card":"summary_large_image","twitter_misc":{"Est. reading time":"1 minute"},"schema":{"@context":"https:\/\/schema.org","@graph":[{"@type":"WebPage","@id":"https:\/\/lifealnus.eu\/en\/homepage\/","url":"https:\/\/lifealnus.eu\/en\/homepage\/","name":"Life Alnus | El bosc del riu","isPartOf":{"@id":"https:\/\/lifealnus.eu\/#website"},"datePublished":"2014-07-09T21:26:36+00:00","dateModified":"2022-06-01T10:25:29+00:00","description":"Life Alnus El bosc del riu \u00e9s un projecte de conservaci\u00f3 de les vernedes mediterr\u00e0nies per invertir la regressi\u00f3 i degradaci\u00f3 d'aquest h\u00e0bitat de ribera. I per crear un model exportable a la resta de l'arc biogeogr\u00e0fic mediterrani.","breadcrumb":{"@id":"https:\/\/lifealnus.eu\/en\/homepage\/#breadcrumb"},"inLanguage":"en-US","potentialAction":[{"@type":"ReadAction","target":["https:\/\/lifealnus.eu\/en\/homepage\/"]}]},{"@type":"BreadcrumbList","@id":"https:\/\/lifealnus.eu\/en\/homepage\/#breadcrumb","itemListElement":[{"@type":"ListItem","position":1,"name":"Inici","item":"https:\/\/lifealnus.eu\/en\/homepage\/"},{"@type":"ListItem","position":2,"name":"Home"}]},{"@type":"WebSite","@id":"https:\/\/lifealnus.eu\/#website","url":"https:\/\/lifealnus.eu\/","name":"LIFE Alnus","description":"","potentialAction":[{"@type":"SearchAction","target":{"@type":"EntryPoint","urlTemplate":"https:\/\/lifealnus.eu\/?s={search_term_string}"},"query-input":{"@type":"PropertyValueSpecification","valueRequired":true,"valueName":"search_term_string"}}],"inLanguage":"en-US"}]}},"_links":{"self":[{"href":"https:\/\/lifealnus.eu\/en\/wp-json\/wp\/v2\/pages\/3707","targetHints":{"allow":["GET"]}}],"collection":[{"href":"https:\/\/lifealnus.eu\/en\/wp-json\/wp\/v2\/pages"}],"about":[{"href":"https:\/\/lifealnus.eu\/en\/wp-json\/wp\/v2\/types\/page"}],"author":[{"embeddable":true,"href":"https:\/\/lifealnus.eu\/en\/wp-json\/wp\/v2\/users\/1"}],"replies":[{"embeddable":true,"href":"https:\/\/lifealnus.eu\/en\/wp-json\/wp\/v2\/comments?post=3707"}],"version-history":[{"count":7,"href":"https:\/\/lifealnus.eu\/en\/wp-json\/wp\/v2\/pages\/3707\/revisions"}],"predecessor-version":[{"id":7530,"href":"https:\/\/lifealnus.eu\/en\/wp-json\/wp\/v2\/pages\/3707\/revisions\/7530"}],"wp:attachment":[{"href":"https:\/\/lifealnus.eu\/en\/wp-json\/wp\/v2\/media?parent=3707"}],"curies":[{"name":"wp","href":"https:\/\/api.w.org\/{rel}","templated":true}]}}